{"id":103777,"date":"2016-02-09T14:06:56","date_gmt":"2016-02-09T19:06:56","guid":{"rendered":"http:\/\/bbaf.ulaval.ca\/en\/?page_id=103777"},"modified":"2025-04-23T10:16:21","modified_gmt":"2025-04-23T14:16:21","slug":"about","status":"publish","type":"page","link":"https:\/\/www.bbaf.ulaval.ca\/en\/about\/","title":{"rendered":"About us"},"content":{"rendered":"<p>The Student Awards and Financial Aid Office is part of the <a href=\"http:\/\/www.dse.ulaval.ca\/\" target=\"_blank\" rel=\"noopener noreferrer\">Direction des services \u00e0 la communaut\u00e9 \u00e9tudiante (DSCE)<\/a> [student services] and has existed at Universit\u00e9 Laval for more than 50 years. During the 2023\u20132024 year, the Student Awards and Financial Aid Office awarded <strong>3,910 grants<\/strong> totalling <strong>$37\u00a0941\u00a0329<\/strong>. During this same period, <strong>$97 491\u00a0573<\/strong> was awarded in the form of Qu\u00e9bec government <strong>loans and grants<\/strong> to <strong>10,566 students<\/strong>.<\/p>\n<h2>Mission<\/h2>\n<p>Manage and promote scholarships and financial aid under its direction, provide students with professional and personalized guidance on financing their studies, and support the faculties in their provision of scholarship services to promote student enrolments and academic success.<\/p>\n<h2>Vision<\/h2>\n<p>The Student Awards and Financial Aid office (BBAF) is the benchmark in scholarships and financial aid to students, faculties, and management, offering an advisory service tailored to students\u2019 needs, helping faculties manage their scholarships, and advising management on the development of new scholarships.<\/p>\n<h2>Valeurs<\/h2>\n<p>To accomplish its mission and achieve its vision, BBAF draws on the strong values it shares with Direction des services \u00e0 la communaut\u00e9 \u00e9tudiante (DSCE)<\/p>\n<ul>\n<li>Respect and openness<\/li>\n<li>Personal development<\/li>\n<li>Engagement, independence, and accountability<\/li>\n<li>Collaboration<\/li>\n<\/ul>\n<h2>Service statement<\/h2>\n<p><a href=\"https:\/\/www.bbaf.ulaval.ca\/wp-content\/uploads\/2021\/11\/declaration-de-service-du-bbaf_2021-11-03.pdf\"><img loading=\"lazy\" decoding=\"async\" class=\"alignnone wp-image-107673 size-full\" src=\"https:\/\/www.bbaf.ulaval.ca\/wp-content\/uploads\/2019\/06\/vignette-declaration-de-service_2019_06.jpg\" alt=\"\" width=\"170\" height=\"220\" srcset=\"https:\/\/www.bbaf.ulaval.ca\/wp-content\/uploads\/2019\/06\/vignette-declaration-de-service_2019_06.jpg 170w, https:\/\/www.bbaf.ulaval.ca\/wp-content\/uploads\/2019\/06\/vignette-declaration-de-service_2019_06-120x155.jpg 120w\" sizes=\"auto, (max-width: 170px) 100vw, 170px\" \/><\/a><\/p>\n<p><a href=\"https:\/\/www.bbaf.ulaval.ca\/wp-content\/uploads\/2021\/11\/declaration-de-service-du-bbaf_2021-11-03.pdf\">Download PDF (french only)<\/a><\/p>\n","protected":false},"excerpt":{"rendered":"<p>The Student Awards and Financial Aid Office is part of the Direction des services \u00e0 la communaut\u00e9 \u00e9tudiante (DSCE) [student services] and has existed at Universit\u00e9 Laval for more than 50 years. During the 2023\u20132024 year, the Student Awards and Financial Aid Office awarded 3,910 grants totalling $37\u00a0941\u00a0329. During this same period, $97 491\u00a0573 was [&hellip;]<\/p>\n","protected":false},"author":1,"featured_media":0,"parent":0,"menu_order":47,"comment_status":"closed","ping_status":"closed","template":"","meta":{"_acf_changed":false,"footnotes":""},"class_list":["post-103777","page","type-page","status-publish","hentry"],"acf":[],"yoast_head":"<!-- This site is optimized with the Yoast SEO plugin v27.0 - https:\/\/yoast.com\/product\/yoast-seo-wordpress\/ -->\n<title>About us | Bureau des bourses et de l&#039;aide financi\u00e8re (BBAF)<\/title>\n<meta name=\"robots\" content=\"index, follow, max-snippet:-1, max-image-preview:large, max-video-preview:-1\" \/>\n<link rel=\"canonical\" href=\"https:\/\/www.bbaf.ulaval.ca\/en\/about\/\" \/>\n<meta property=\"og:locale\" content=\"en_US\" \/>\n<meta property=\"og:type\" content=\"article\" \/>\n<meta property=\"og:title\" content=\"About us | Bureau des bourses et de l&#039;aide financi\u00e8re (BBAF)\" \/>\n<meta property=\"og:description\" content=\"The Student Awards and Financial Aid Office is part of the Direction des services \u00e0 la communaut\u00e9 \u00e9tudiante (DSCE) [student services] and has existed at Universit\u00e9 Laval for more than 50 years. During the 2023\u20132024 year, the Student Awards and Financial Aid Office awarded 3,910 grants totalling $37\u00a0941\u00a0329. During this same period, $97 491\u00a0573 was [&hellip;]\" \/>\n<meta property=\"og:url\" content=\"https:\/\/www.bbaf.ulaval.ca\/en\/about\/\" \/>\n<meta property=\"og:site_name\" content=\"Bureau des bourses et de l&#039;aide financi\u00e8re (BBAF)\" \/>\n<meta property=\"article:publisher\" content=\"https:\/\/www.facebook.com\/bourses\" \/>\n<meta property=\"article:modified_time\" content=\"2025-04-23T14:16:21+00:00\" \/>\n<meta property=\"og:image\" content=\"https:\/\/www.bbaf.ulaval.ca\/wp-content\/uploads\/2019\/06\/vignette-declaration-de-service_2019_06.jpg\" \/>\n\t<meta property=\"og:image:width\" content=\"170\" \/>\n\t<meta property=\"og:image:height\" content=\"220\" \/>\n\t<meta property=\"og:image:type\" content=\"image\/jpeg\" \/>\n<meta name=\"twitter:label1\" content=\"Est. reading time\" \/>\n\t<meta name=\"twitter:data1\" content=\"2 minutes\" \/>\n<script type=\"application\/ld+json\" class=\"yoast-schema-graph\">{\"@context\":\"https:\/\/schema.org\",\"@graph\":[{\"@type\":\"WebPage\",\"@id\":\"https:\/\/www.bbaf.ulaval.ca\/en\/about\/\",\"url\":\"https:\/\/www.bbaf.ulaval.ca\/en\/about\/\",\"name\":\"About us | Bureau des bourses et de l&#039;aide financi\u00e8re (BBAF)\",\"isPartOf\":{\"@id\":\"https:\/\/www.bbaf.ulaval.ca\/en\/#website\"},\"primaryImageOfPage\":{\"@id\":\"https:\/\/www.bbaf.ulaval.ca\/en\/about\/#primaryimage\"},\"image\":{\"@id\":\"https:\/\/www.bbaf.ulaval.ca\/en\/about\/#primaryimage\"},\"thumbnailUrl\":\"https:\/\/www.bbaf.ulaval.ca\/wp-content\/uploads\/2019\/06\/vignette-declaration-de-service_2019_06.jpg\",\"datePublished\":\"2016-02-09T19:06:56+00:00\",\"dateModified\":\"2025-04-23T14:16:21+00:00\",\"breadcrumb\":{\"@id\":\"https:\/\/www.bbaf.ulaval.ca\/en\/about\/#breadcrumb\"},\"inLanguage\":\"en\",\"potentialAction\":[{\"@type\":\"ReadAction\",\"target\":[\"https:\/\/www.bbaf.ulaval.ca\/en\/about\/\"]}]},{\"@type\":\"ImageObject\",\"inLanguage\":\"en\",\"@id\":\"https:\/\/www.bbaf.ulaval.ca\/en\/about\/#primaryimage\",\"url\":\"https:\/\/www.bbaf.ulaval.ca\/wp-content\/uploads\/2019\/06\/vignette-declaration-de-service_2019_06.jpg\",\"contentUrl\":\"https:\/\/www.bbaf.ulaval.ca\/wp-content\/uploads\/2019\/06\/vignette-declaration-de-service_2019_06.jpg\"},{\"@type\":\"BreadcrumbList\",\"@id\":\"https:\/\/www.bbaf.ulaval.ca\/en\/about\/#breadcrumb\",\"itemListElement\":[{\"@type\":\"ListItem\",\"position\":1,\"name\":\"Accueil\",\"item\":\"https:\/\/www.bbaf.ulaval.ca\/en\/\"},{\"@type\":\"ListItem\",\"position\":2,\"name\":\"About us\"}]},{\"@type\":\"WebSite\",\"@id\":\"https:\/\/www.bbaf.ulaval.ca\/en\/#website\",\"url\":\"https:\/\/www.bbaf.ulaval.ca\/en\/\",\"name\":\"Bureau des bourses et de l&#039;aide financi\u00e8re (BBAF)\",\"description\":\"Universit\u00e9 Laval\",\"potentialAction\":[{\"@type\":\"SearchAction\",\"target\":{\"@type\":\"EntryPoint\",\"urlTemplate\":\"https:\/\/www.bbaf.ulaval.ca\/en\/?s={search_term_string}\"},\"query-input\":{\"@type\":\"PropertyValueSpecification\",\"valueRequired\":true,\"valueName\":\"search_term_string\"}}],\"inLanguage\":\"en\"}]}<\/script>\n<!-- \/ Yoast SEO plugin. -->","yoast_head_json":{"title":"About us | Bureau des bourses et de l&#039;aide financi\u00e8re (BBAF)","robots":{"index":"index","follow":"follow","max-snippet":"max-snippet:-1","max-image-preview":"max-image-preview:large","max-video-preview":"max-video-preview:-1"},"canonical":"https:\/\/www.bbaf.ulaval.ca\/en\/about\/","og_locale":"en_US","og_type":"article","og_title":"About us | Bureau des bourses et de l&#039;aide financi\u00e8re (BBAF)","og_description":"The Student Awards and Financial Aid Office is part of the Direction des services \u00e0 la communaut\u00e9 \u00e9tudiante (DSCE) [student services] and has existed at Universit\u00e9 Laval for more than 50 years. During the 2023\u20132024 year, the Student Awards and Financial Aid Office awarded 3,910 grants totalling $37\u00a0941\u00a0329. During this same period, $97 491\u00a0573 was [&hellip;]","og_url":"https:\/\/www.bbaf.ulaval.ca\/en\/about\/","og_site_name":"Bureau des bourses et de l&#039;aide financi\u00e8re (BBAF)","article_publisher":"https:\/\/www.facebook.com\/bourses","article_modified_time":"2025-04-23T14:16:21+00:00","og_image":[{"width":170,"height":220,"url":"https:\/\/www.bbaf.ulaval.ca\/wp-content\/uploads\/2019\/06\/vignette-declaration-de-service_2019_06.jpg","type":"image\/jpeg"}],"twitter_misc":{"Est. reading time":"2 minutes"},"schema":{"@context":"https:\/\/schema.org","@graph":[{"@type":"WebPage","@id":"https:\/\/www.bbaf.ulaval.ca\/en\/about\/","url":"https:\/\/www.bbaf.ulaval.ca\/en\/about\/","name":"About us | Bureau des bourses et de l&#039;aide financi\u00e8re (BBAF)","isPartOf":{"@id":"https:\/\/www.bbaf.ulaval.ca\/en\/#website"},"primaryImageOfPage":{"@id":"https:\/\/www.bbaf.ulaval.ca\/en\/about\/#primaryimage"},"image":{"@id":"https:\/\/www.bbaf.ulaval.ca\/en\/about\/#primaryimage"},"thumbnailUrl":"https:\/\/www.bbaf.ulaval.ca\/wp-content\/uploads\/2019\/06\/vignette-declaration-de-service_2019_06.jpg","datePublished":"2016-02-09T19:06:56+00:00","dateModified":"2025-04-23T14:16:21+00:00","breadcrumb":{"@id":"https:\/\/www.bbaf.ulaval.ca\/en\/about\/#breadcrumb"},"inLanguage":"en","potentialAction":[{"@type":"ReadAction","target":["https:\/\/www.bbaf.ulaval.ca\/en\/about\/"]}]},{"@type":"ImageObject","inLanguage":"en","@id":"https:\/\/www.bbaf.ulaval.ca\/en\/about\/#primaryimage","url":"https:\/\/www.bbaf.ulaval.ca\/wp-content\/uploads\/2019\/06\/vignette-declaration-de-service_2019_06.jpg","contentUrl":"https:\/\/www.bbaf.ulaval.ca\/wp-content\/uploads\/2019\/06\/vignette-declaration-de-service_2019_06.jpg"},{"@type":"BreadcrumbList","@id":"https:\/\/www.bbaf.ulaval.ca\/en\/about\/#breadcrumb","itemListElement":[{"@type":"ListItem","position":1,"name":"Accueil","item":"https:\/\/www.bbaf.ulaval.ca\/en\/"},{"@type":"ListItem","position":2,"name":"About us"}]},{"@type":"WebSite","@id":"https:\/\/www.bbaf.ulaval.ca\/en\/#website","url":"https:\/\/www.bbaf.ulaval.ca\/en\/","name":"Bureau des bourses et de l&#039;aide financi\u00e8re (BBAF)","description":"Universit\u00e9 Laval","potentialAction":[{"@type":"SearchAction","target":{"@type":"EntryPoint","urlTemplate":"https:\/\/www.bbaf.ulaval.ca\/en\/?s={search_term_string}"},"query-input":{"@type":"PropertyValueSpecification","valueRequired":true,"valueName":"search_term_string"}}],"inLanguage":"en"}]}},"_links":{"self":[{"href":"https:\/\/www.bbaf.ulaval.ca\/en\/wp-json\/wp\/v2\/pages\/103777","targetHints":{"allow":["GET"]}}],"collection":[{"href":"https:\/\/www.bbaf.ulaval.ca\/en\/wp-json\/wp\/v2\/pages"}],"about":[{"href":"https:\/\/www.bbaf.ulaval.ca\/en\/wp-json\/wp\/v2\/types\/page"}],"author":[{"embeddable":true,"href":"https:\/\/www.bbaf.ulaval.ca\/en\/wp-json\/wp\/v2\/users\/1"}],"replies":[{"embeddable":true,"href":"https:\/\/www.bbaf.ulaval.ca\/en\/wp-json\/wp\/v2\/comments?post=103777"}],"version-history":[{"count":8,"href":"https:\/\/www.bbaf.ulaval.ca\/en\/wp-json\/wp\/v2\/pages\/103777\/revisions"}],"predecessor-version":[{"id":125110,"href":"https:\/\/www.bbaf.ulaval.ca\/en\/wp-json\/wp\/v2\/pages\/103777\/revisions\/125110"}],"wp:attachment":[{"href":"https:\/\/www.bbaf.ulaval.ca\/en\/wp-json\/wp\/v2\/media?parent=103777"}],"curies":[{"name":"wp","href":"https:\/\/api.w.org\/{rel}","templated":true}]}}