{"id":104304,"date":"2016-03-16T10:44:20","date_gmt":"2016-03-16T14:44:20","guid":{"rendered":"https:\/\/www.bbaf.ulaval.ca\/en\/?page_id=104304"},"modified":"2026-05-04T11:12:51","modified_gmt":"2026-05-04T15:12:51","slug":"merit-scholarship-programs","status":"publish","type":"page","link":"https:\/\/www.bbaf.ulaval.ca\/en\/scholarships-bursaries\/international-students\/merit-scholarship-programs\/","title":{"rendered":"Merit Scholarship Programs"},"content":{"rendered":"<div style=\"display:none;visibility:hidden\">[boite_bleue]\n<p><strong>Next scholarship contest in May 2026<\/strong><\/p>\n<p>Information on this page\u00a0is subject\u00a0to change without notice and is for guidance\u00a0only.<\/p>\n[\/boite_bleue]<\/div>\n<h2><img loading=\"lazy\" decoding=\"async\" width=\"584\" height=\"216\" class=\"alignnone size-full wp-image-119893\" src=\"https:\/\/www.bbaf.ulaval.ca\/wp-content\/uploads\/2023\/05\/visuel-en-tete-courriel-promo-pbeee-2023-en.png\" alt=\"Merit Scholarship for Foreign Students\" srcset=\"https:\/\/www.bbaf.ulaval.ca\/wp-content\/uploads\/2023\/05\/visuel-en-tete-courriel-promo-pbeee-2023-en.png 584w, https:\/\/www.bbaf.ulaval.ca\/wp-content\/uploads\/2023\/05\/visuel-en-tete-courriel-promo-pbeee-2023-en-250x92.png 250w, https:\/\/www.bbaf.ulaval.ca\/wp-content\/uploads\/2023\/05\/visuel-en-tete-courriel-promo-pbeee-2023-en-120x44.png 120w\" sizes=\"auto, (max-width: 584px) 100vw, 584px\" \/><\/h2>\n<h2>Merit Scholarship Program for Foreign Students<\/h2>\n<p>Qu\u00e9bec\u2019s Minist\u00e8re de l&#8217;Enseignement sup\u00e9rieur (MES) offers scholarships for <strong>master&#8217;s studies, doctoral studies, a postdoctoral fellowship, or short-term research or professional development.<\/strong><\/p>\n<p>&nbsp;<\/p>\n<p>The scholarship program, designed to foster international research activities in Qu\u00e9bec universities by attracting top foreign students and researchers, is administered by Fonds qu\u00e9b\u00e9cois de la recherche sur la nature et les technologies (FQRNT). There are 4\u00a0scholarship categories:<\/p>\n<p>&nbsp;<\/p>\n<p><a href=\"http:\/\/repertoire.bbaf.ulaval.ca\/bourse\/permalien\/3993\/28960\" target=\"_blank\" rel=\"noopener\">VM \u2013 Master&#8217;s Research Scholarships<\/a> <span style=\"display:none;visibility:hidden\">(The 2026-2027 selection process is <strong>now closed<\/strong>.)<\/span>\n<strong>$20,000 per year<\/strong> for up to 2 years.<\/p>\n<p>&nbsp;<\/p>\n<p><a href=\"http:\/\/repertoire.bbaf.ulaval.ca\/bourse\/permalien\/1381\/743\" target=\"_blank\" rel=\"noopener\">V1 \u2013 Doctoral Research Scholarships<\/a> <span style=\"display:none;visibility:hidden\">(The 2026-2027 selection process is <strong>now closed<\/strong>.)<\/span>\n<strong>$25,000 per year<\/strong> for up to 4\u00a0years.<\/p>\n<p>&nbsp;<\/p>\n<p><a href=\"http:\/\/repertoire.bbaf.ulaval.ca\/bourse\/permalien\/1400\/139\" target=\"_blank\" rel=\"noopener\">V2 \u2013 Postdoctoral Fellowships<\/a> <span style=\"display:none;visibility:hidden\">(The 2026-2027 selection process is <strong>now closed<\/strong>.)<\/span>\n<strong>$35,000 per year<\/strong>, nonrenewable.<\/p>\n<p>&nbsp;<\/p>\n<p><a href=\"http:\/\/repertoire.bbaf.ulaval.ca\/bourse\/permalien\/1401\/426\" target=\"_blank\" rel=\"noopener\">V3 &#8211; Short-term Research or Professional Development<\/a> <span style=\"display:none;visibility:hidden\">(The 2026-2027 selection process is <strong>now closed<\/strong>.)<\/span>\n<strong>$3,000 per month<\/strong> for a maximum period of 4\u00a0months, for students or researchers.<\/p>\n<p>&nbsp;<\/p>\n<h3>Rules of the program<\/h3>\n<p>For more information on eligibility requirements refer to the <a href=\"https:\/\/frq.gouv.qc.ca\/en\/program\/merit-scholarship-program-for-foreign-students-pbeee-2026-2027-2\/\" target=\"_blank\" rel=\"noopener\">rules of the program<\/a> or visit the <a href=\"http:\/\/www.frqnt.gouv.qc.ca\/\" target=\"_blank\" rel=\"noopener noreferrer\">FRQNT website<\/a>.<\/p>\n<h2><\/h2>\n<h2>2027-2028 preselection<\/h2>\n<p>Only candidates preselected by a Qu\u00e9bec university will be invited by FQRNT to submit for the final round of selection. The results of the internal selection process will be announced in late September.<\/p>\n<p>&nbsp;<\/p>\n<p>Files submitted for preselection require the support of a professor who has agreed to work with the student and supervise his or her research.<\/p>\n<p>&nbsp;<\/p>\n<p><span style=\"color: #d00000;\"><strong><div class=\"boite-bleue\"><\/strong>Universit\u00e9 Laval\u2019s deadline to submit for preselection is<strong> June 17, 2026.<\/div><\/strong><\/span><\/p>\n<div style=\"display:none;visibility:hidden\">\n<h2>FAQ<\/h2>\n[accordeon_titre]\n<p>All components<\/p>\n[\/accordeon_titre]\n[accordeon_contenu]\n<p><strong>1. Can I apply if I don\u2019t have a research supervisor at Universit\u00e9 Laval?<\/strong><br \/>\nNo. To be eligible for the Merit Scholarship Program for Foreign Students (PBEEE), you must first find a Universit\u00e9 Laval supervisor who will agree to supervise your work. Visit the <a href=\"https:\/\/www.ulaval.ca\/en\/future-students\/graduate-studies\/find-research-topic-and-supervisor\" target=\"_blank\" rel=\"noopener noreferrer\">Universit\u00e9 Laval website<\/a> to begin your search.<\/p>\n<p><strong>2. How do I create a Canadian Common CV and save it as a PDF?<\/strong><br \/>\nSee the <a href=\"https:\/\/www.bbaf.ulaval.ca\/wp-content\/uploads\/2020\/05\/instructions-cvc-pbeee.pdf\" target=\"_blank\" rel=\"noopener noreferrer\">document here<\/a> for more information. (French only)<\/p>\n<p><strong>3. Can I add a bibliography to my research project?<\/strong><br \/>\nA bibliography is not required. However, you may add a short bibliography of up to half a page to the one page allowed for the description of the research project. The bibliography must include three to five publications related to your research project.<\/p>\n<p><strong>4. If I receive a scholarship, when will the payments start?<\/strong><br \/>\nFor the 2026\u20132027 competition, payments will start in May 2026 at the earliest and January\u00a02027 at the latest.<\/p>\n<p><strong>5. I would like to apply for permanent residency soon. Can I still apply for the scholarship?<br \/>\n<\/strong>To be eligible for this program you must not have submitted an application for permanent residency under Canadian immigration law as of the closing date of FRQNT\u2019s final selection, November\u00a01, 2025.<\/p>\n<p><strong>6. What fields of research are eligible for the Merit Scholarship Program for Foreign Students?<\/strong><br \/>\nEven though the program is administered by Fonds de recherche Nature et technologies (FRQNT), all fields are eligible.<\/p>\n[\/accordeon_contenu]\n[accordeon_titre]\n<p>VM<\/p>\n[\/accordeon_titre]\n[accordeon_contenu]\n<p><strong>1. Are course-based master\u2019s degrees eligible for this scholarship? <\/strong><\/p>\n<p>No, only research-based master\u2019s degrees are eligible.<\/p>\n<p><strong>2. Do we need publications to apply?<\/strong><\/p>\n<p>No, publications are not required for the master\u2019s degree competition.<\/p>\n<p><strong>3. Do I need an offer of admission to apply?<\/strong><\/p>\n<p>No, you do not need to have received an offer of admission. However, you must have submitted a complete application for admission to Universit\u00e9 Laval.<\/p>\n<p><strong>4. I have submitted an application for admission, but I do not have access to the system yet. How do I apply for a scholarship?<\/strong><\/p>\n<p>It is normal for there to be a delay of approximately 48 to 72\u00a0hours before you can access the form. It is your responsibility to submit your application well in advance to allow time for the competition.<\/p>\n<p><strong>5. My average is below 4\/4.33. Can I apply?<\/strong><\/p>\n<p>Given the large number of applications received and the quota available, no applications below the minimum average will be considered.<\/p>\n<p><strong>6. Do I need a research supervisor to apply?<\/strong><\/p>\n<p>Yes, you must already have found your research supervisor when you apply. You can <a href=\"https:\/\/www.ulaval.ca\/en\/future-students\/graduate-studies\/find-a-research-topic-and-supervisor\" target=\"_blank\" rel=\"noopener\">find advice here<\/a>.<\/p>\n<p><strong>7. Am I eligible if I completed the equivalent of a master\u2019s degree outside Canada?<\/strong><\/p>\n<p>To be eligible, you must have completed a maximum of three semesters in a master\u2019s program, in any master\u2019s program or country, on May 1, 2026.<\/p>\n[\/accordeon_contenu]\n[accordeon_titre]\n<p>V1<\/p>\n[\/accordeon_titre]\n[accordeon_contenu]\n<p><strong>1. I come from another university and I have never studied at Universit\u00e9 Laval. Can I apply?<\/strong><br \/>\nTo be eligible you must have\u00a0accepted an <a href=\"https:\/\/www.ulaval.ca\/en\/admission\/apply-for-admission\" target=\"_blank\" rel=\"noopener\">offer of admission<\/a> in a doctoral program at Universit\u00e9 Laval or already be registered at Universit\u00e9 Laval.<\/p>\n<p><strong>2. What is the minimum GPA?<\/strong><br \/>\nYou must have had a minimum GPA of 4\/4.33 in your last master\u2019s program (completed or not) to be eligible. See <a href=\"https:\/\/repertoire.bbaf.ulaval.ca\/bourse\/61026\/fichier\/26125\" target=\"_blank\" rel=\"noopener noreferrer\">here<\/a> for equivalencies. (French only)<\/p>\n<p><strong>3. I have already started my PhD program at Universit\u00e9 Laval. Am I eligible?<\/strong><br \/>\nYou do not have to be newly admitted to your program to be eligible for V1 (PhD). However, the eligibility period covers the first nine semesters of doctoral studies. All semesters you completed in your program before the scholarship\u2019s effective date are subtracted from the eligibility period, whether you received funding for them or not. For more information, read the <a href=\"https:\/\/frq.gouv.qc.ca\/en\/program\/frqnt-merit-scholarship-program-for-foreign-students-pbeee-2024-2025\/\" target=\"_blank\" rel=\"noopener\">FRQNT rules (Section 3)<\/a>.<\/p>\n<p><strong>4. I have already completed one PhD. Do the semesters completed as part of my first doctorate count toward the nine-semester eligibility period?<\/strong><br \/>\nYes. All doctoral studies count, even if you are doing a second PhD.<\/p>\n<p><strong>5. I am doing my program in cotutelle. Am I eligible?<\/strong><br \/>\nNo. Cotutelle students are not eligible.<\/p>\n<p><strong>6. Should I be first author for the two (2) scientific articles?<\/strong><br \/>\nIt is not mandatory to be first author. Articles as co-author are accepted.<\/p>\n[\/accordeon_contenu]\n[accordeon_titre]\n<p>V2 and V3<\/p>\n[\/accordeon_titre]\n[accordeon_contenu]\n<p><strong>1. How soon after receiving my PhD am I eligible for V2?<\/strong><br \/>\nV2 scholarships are intended for researchers in training who received their doctorate two years ago or less as of the competition closing date, or who will have submitted their dissertation no later than January\u00a015, 2027.<\/p>\n<p><strong>2. How soon after receiving my PhD am I eligible for V3?<\/strong><br \/>\nYou must have received your PhD within five years of the final closing date of the FRQNT competition, November\u00a01, 2025.<\/p>\n<p><strong>3. Should I use the FRQNT PDF form for my letters of recommendation and my supervisor\u2019s letter of acceptance?<\/strong><br \/>\nNo. For the Universit\u00e9 Laval preselection competition, standard letters on letterhead signed by your referee are fine. The FRQNT form will be required only if your application is preselected by Universit\u00e9 Laval.<\/p>\n<p><strong>4. Should my letters of recommendation be sent by my referees in a sealed envelope?<\/strong><br \/>\nNo. Your letters may be included with the rest of your application. If your referee wishes the contents of their letter to remain confidential, it may be sent by email to the following address: <a href=\"mailto:pbeee@bbaf.ulaval.ca\">pbeee@bbaf.ulaval.ca<\/a>.<\/p>\n[\/accordeon_contenu]\n[boite_grise]The terms and conditions of this scholarship program are posted on this page for information purposes only and are subject to change without notice. The information on the<strong>\u00a0<a href=\"https:\/\/frq.gouv.qc.ca\/programme\/bourses-dexcellence-pour-etudiants-etrangers-pbeee-2025-2026\/\" target=\"_blank\" rel=\"noopener\">Fonds qu\u00e9b\u00e9cois de la recherche sur la nature et les technologies (FRQNT) website<\/a> prevails at all times.<\/strong>[\/boite_grise]\n<\/div>\n","protected":false},"excerpt":{"rendered":"<p>Merit Scholarship Program for Foreign Students Qu\u00e9bec\u2019s Minist\u00e8re de l&#8217;Enseignement sup\u00e9rieur (MES) offers scholarships for master&#8217;s studies, doctoral studies, a postdoctoral fellowship, or short-term research or professional development. &nbsp; The scholarship program, designed to foster international research activities in Qu\u00e9bec universities by attracting top foreign students and researchers, is administered by Fonds qu\u00e9b\u00e9cois de la [&hellip;]<\/p>\n","protected":false},"author":18,"featured_media":0,"parent":104189,"menu_order":8,"comment_status":"closed","ping_status":"closed","template":"","meta":{"_acf_changed":false,"footnotes":""},"class_list":["post-104304","page","type-page","status-publish","hentry"],"acf":[],"yoast_head":"<!-- This site is optimized with the Yoast SEO plugin v27.0 - https:\/\/yoast.com\/product\/yoast-seo-wordpress\/ -->\n<title>Merit Scholarship Programs | Bureau des bourses et de l&#039;aide financi\u00e8re (BBAF)<\/title>\n<meta name=\"robots\" content=\"index, follow, max-snippet:-1, max-image-preview:large, max-video-preview:-1\" \/>\n<link rel=\"canonical\" href=\"https:\/\/www.bbaf.ulaval.ca\/en\/scholarships-bursaries\/international-students\/merit-scholarship-programs\/\" \/>\n<meta property=\"og:locale\" content=\"en_US\" \/>\n<meta property=\"og:type\" content=\"article\" \/>\n<meta property=\"og:title\" content=\"Merit Scholarship Programs | Bureau des bourses et de l&#039;aide financi\u00e8re (BBAF)\" \/>\n<meta property=\"og:description\" content=\"Merit Scholarship Program for Foreign Students Qu\u00e9bec\u2019s Minist\u00e8re de l&#8217;Enseignement sup\u00e9rieur (MES) offers scholarships for master&#8217;s studies, doctoral studies, a postdoctoral fellowship, or short-term research or professional development. &nbsp; The scholarship program, designed to foster international research activities in Qu\u00e9bec universities by attracting top foreign students and researchers, is administered by Fonds qu\u00e9b\u00e9cois de la [&hellip;]\" \/>\n<meta property=\"og:url\" content=\"https:\/\/www.bbaf.ulaval.ca\/en\/scholarships-bursaries\/international-students\/merit-scholarship-programs\/\" \/>\n<meta property=\"og:site_name\" content=\"Bureau des bourses et de l&#039;aide financi\u00e8re (BBAF)\" \/>\n<meta property=\"article:publisher\" content=\"https:\/\/www.facebook.com\/bourses\" \/>\n<meta property=\"article:modified_time\" content=\"2026-05-04T15:12:51+00:00\" \/>\n<meta property=\"og:image\" content=\"https:\/\/www.bbaf.ulaval.ca\/wp-content\/uploads\/2023\/05\/visuel-en-tete-courriel-promo-pbeee-2023-en.png\" \/>\n\t<meta property=\"og:image:width\" content=\"584\" \/>\n\t<meta property=\"og:image:height\" content=\"216\" \/>\n\t<meta property=\"og:image:type\" content=\"image\/png\" \/>\n<meta name=\"twitter:label1\" content=\"Est. reading time\" \/>\n\t<meta name=\"twitter:data1\" content=\"7 minutes\" \/>\n<script type=\"application\/ld+json\" class=\"yoast-schema-graph\">{\"@context\":\"https:\/\/schema.org\",\"@graph\":[{\"@type\":\"WebPage\",\"@id\":\"https:\/\/www.bbaf.ulaval.ca\/en\/scholarships-bursaries\/international-students\/merit-scholarship-programs\/\",\"url\":\"https:\/\/www.bbaf.ulaval.ca\/en\/scholarships-bursaries\/international-students\/merit-scholarship-programs\/\",\"name\":\"Merit Scholarship Programs | Bureau des bourses et de l&#039;aide financi\u00e8re (BBAF)\",\"isPartOf\":{\"@id\":\"https:\/\/www.bbaf.ulaval.ca\/en\/#website\"},\"primaryImageOfPage\":{\"@id\":\"https:\/\/www.bbaf.ulaval.ca\/en\/scholarships-bursaries\/international-students\/merit-scholarship-programs\/#primaryimage\"},\"image\":{\"@id\":\"https:\/\/www.bbaf.ulaval.ca\/en\/scholarships-bursaries\/international-students\/merit-scholarship-programs\/#primaryimage\"},\"thumbnailUrl\":\"https:\/\/www.bbaf.ulaval.ca\/wp-content\/uploads\/2023\/05\/visuel-en-tete-courriel-promo-pbeee-2023-en.png\",\"datePublished\":\"2016-03-16T14:44:20+00:00\",\"dateModified\":\"2026-05-04T15:12:51+00:00\",\"breadcrumb\":{\"@id\":\"https:\/\/www.bbaf.ulaval.ca\/en\/scholarships-bursaries\/international-students\/merit-scholarship-programs\/#breadcrumb\"},\"inLanguage\":\"en\",\"potentialAction\":[{\"@type\":\"ReadAction\",\"target\":[\"https:\/\/www.bbaf.ulaval.ca\/en\/scholarships-bursaries\/international-students\/merit-scholarship-programs\/\"]}]},{\"@type\":\"ImageObject\",\"inLanguage\":\"en\",\"@id\":\"https:\/\/www.bbaf.ulaval.ca\/en\/scholarships-bursaries\/international-students\/merit-scholarship-programs\/#primaryimage\",\"url\":\"https:\/\/www.bbaf.ulaval.ca\/wp-content\/uploads\/2023\/05\/visuel-en-tete-courriel-promo-pbeee-2023-en.png\",\"contentUrl\":\"https:\/\/www.bbaf.ulaval.ca\/wp-content\/uploads\/2023\/05\/visuel-en-tete-courriel-promo-pbeee-2023-en.png\"},{\"@type\":\"BreadcrumbList\",\"@id\":\"https:\/\/www.bbaf.ulaval.ca\/en\/scholarships-bursaries\/international-students\/merit-scholarship-programs\/#breadcrumb\",\"itemListElement\":[{\"@type\":\"ListItem\",\"position\":1,\"name\":\"Accueil\",\"item\":\"https:\/\/www.bbaf.ulaval.ca\/en\/\"},{\"@type\":\"ListItem\",\"position\":2,\"name\":\"Scholarships &#038; Bursaries\",\"item\":\"https:\/\/www.bbaf.ulaval.ca\/en\/scholarships-bursaries\/\"},{\"@type\":\"ListItem\",\"position\":3,\"name\":\"International students\",\"item\":\"https:\/\/www.bbaf.ulaval.ca\/en\/scholarships-bursaries\/international-students\/\"},{\"@type\":\"ListItem\",\"position\":4,\"name\":\"Merit Scholarship Programs\"}]},{\"@type\":\"WebSite\",\"@id\":\"https:\/\/www.bbaf.ulaval.ca\/en\/#website\",\"url\":\"https:\/\/www.bbaf.ulaval.ca\/en\/\",\"name\":\"Bureau des bourses et de l&#039;aide financi\u00e8re (BBAF)\",\"description\":\"Universit\u00e9 Laval\",\"potentialAction\":[{\"@type\":\"SearchAction\",\"target\":{\"@type\":\"EntryPoint\",\"urlTemplate\":\"https:\/\/www.bbaf.ulaval.ca\/en\/?s={search_term_string}\"},\"query-input\":{\"@type\":\"PropertyValueSpecification\",\"valueRequired\":true,\"valueName\":\"search_term_string\"}}],\"inLanguage\":\"en\"}]}<\/script>\n<!-- \/ Yoast SEO plugin. -->","yoast_head_json":{"title":"Merit Scholarship Programs | Bureau des bourses et de l&#039;aide financi\u00e8re (BBAF)","robots":{"index":"index","follow":"follow","max-snippet":"max-snippet:-1","max-image-preview":"max-image-preview:large","max-video-preview":"max-video-preview:-1"},"canonical":"https:\/\/www.bbaf.ulaval.ca\/en\/scholarships-bursaries\/international-students\/merit-scholarship-programs\/","og_locale":"en_US","og_type":"article","og_title":"Merit Scholarship Programs | Bureau des bourses et de l&#039;aide financi\u00e8re (BBAF)","og_description":"Merit Scholarship Program for Foreign Students Qu\u00e9bec\u2019s Minist\u00e8re de l&#8217;Enseignement sup\u00e9rieur (MES) offers scholarships for master&#8217;s studies, doctoral studies, a postdoctoral fellowship, or short-term research or professional development. &nbsp; The scholarship program, designed to foster international research activities in Qu\u00e9bec universities by attracting top foreign students and researchers, is administered by Fonds qu\u00e9b\u00e9cois de la [&hellip;]","og_url":"https:\/\/www.bbaf.ulaval.ca\/en\/scholarships-bursaries\/international-students\/merit-scholarship-programs\/","og_site_name":"Bureau des bourses et de l&#039;aide financi\u00e8re (BBAF)","article_publisher":"https:\/\/www.facebook.com\/bourses","article_modified_time":"2026-05-04T15:12:51+00:00","og_image":[{"width":584,"height":216,"url":"https:\/\/www.bbaf.ulaval.ca\/wp-content\/uploads\/2023\/05\/visuel-en-tete-courriel-promo-pbeee-2023-en.png","type":"image\/png"}],"twitter_misc":{"Est. reading time":"7 minutes"},"schema":{"@context":"https:\/\/schema.org","@graph":[{"@type":"WebPage","@id":"https:\/\/www.bbaf.ulaval.ca\/en\/scholarships-bursaries\/international-students\/merit-scholarship-programs\/","url":"https:\/\/www.bbaf.ulaval.ca\/en\/scholarships-bursaries\/international-students\/merit-scholarship-programs\/","name":"Merit Scholarship Programs | Bureau des bourses et de l&#039;aide financi\u00e8re (BBAF)","isPartOf":{"@id":"https:\/\/www.bbaf.ulaval.ca\/en\/#website"},"primaryImageOfPage":{"@id":"https:\/\/www.bbaf.ulaval.ca\/en\/scholarships-bursaries\/international-students\/merit-scholarship-programs\/#primaryimage"},"image":{"@id":"https:\/\/www.bbaf.ulaval.ca\/en\/scholarships-bursaries\/international-students\/merit-scholarship-programs\/#primaryimage"},"thumbnailUrl":"https:\/\/www.bbaf.ulaval.ca\/wp-content\/uploads\/2023\/05\/visuel-en-tete-courriel-promo-pbeee-2023-en.png","datePublished":"2016-03-16T14:44:20+00:00","dateModified":"2026-05-04T15:12:51+00:00","breadcrumb":{"@id":"https:\/\/www.bbaf.ulaval.ca\/en\/scholarships-bursaries\/international-students\/merit-scholarship-programs\/#breadcrumb"},"inLanguage":"en","potentialAction":[{"@type":"ReadAction","target":["https:\/\/www.bbaf.ulaval.ca\/en\/scholarships-bursaries\/international-students\/merit-scholarship-programs\/"]}]},{"@type":"ImageObject","inLanguage":"en","@id":"https:\/\/www.bbaf.ulaval.ca\/en\/scholarships-bursaries\/international-students\/merit-scholarship-programs\/#primaryimage","url":"https:\/\/www.bbaf.ulaval.ca\/wp-content\/uploads\/2023\/05\/visuel-en-tete-courriel-promo-pbeee-2023-en.png","contentUrl":"https:\/\/www.bbaf.ulaval.ca\/wp-content\/uploads\/2023\/05\/visuel-en-tete-courriel-promo-pbeee-2023-en.png"},{"@type":"BreadcrumbList","@id":"https:\/\/www.bbaf.ulaval.ca\/en\/scholarships-bursaries\/international-students\/merit-scholarship-programs\/#breadcrumb","itemListElement":[{"@type":"ListItem","position":1,"name":"Accueil","item":"https:\/\/www.bbaf.ulaval.ca\/en\/"},{"@type":"ListItem","position":2,"name":"Scholarships &#038; Bursaries","item":"https:\/\/www.bbaf.ulaval.ca\/en\/scholarships-bursaries\/"},{"@type":"ListItem","position":3,"name":"International students","item":"https:\/\/www.bbaf.ulaval.ca\/en\/scholarships-bursaries\/international-students\/"},{"@type":"ListItem","position":4,"name":"Merit Scholarship Programs"}]},{"@type":"WebSite","@id":"https:\/\/www.bbaf.ulaval.ca\/en\/#website","url":"https:\/\/www.bbaf.ulaval.ca\/en\/","name":"Bureau des bourses et de l&#039;aide financi\u00e8re (BBAF)","description":"Universit\u00e9 Laval","potentialAction":[{"@type":"SearchAction","target":{"@type":"EntryPoint","urlTemplate":"https:\/\/www.bbaf.ulaval.ca\/en\/?s={search_term_string}"},"query-input":{"@type":"PropertyValueSpecification","valueRequired":true,"valueName":"search_term_string"}}],"inLanguage":"en"}]}},"_links":{"self":[{"href":"https:\/\/www.bbaf.ulaval.ca\/en\/wp-json\/wp\/v2\/pages\/104304","targetHints":{"allow":["GET"]}}],"collection":[{"href":"https:\/\/www.bbaf.ulaval.ca\/en\/wp-json\/wp\/v2\/pages"}],"about":[{"href":"https:\/\/www.bbaf.ulaval.ca\/en\/wp-json\/wp\/v2\/types\/page"}],"author":[{"embeddable":true,"href":"https:\/\/www.bbaf.ulaval.ca\/en\/wp-json\/wp\/v2\/users\/18"}],"replies":[{"embeddable":true,"href":"https:\/\/www.bbaf.ulaval.ca\/en\/wp-json\/wp\/v2\/comments?post=104304"}],"version-history":[{"count":37,"href":"https:\/\/www.bbaf.ulaval.ca\/en\/wp-json\/wp\/v2\/pages\/104304\/revisions"}],"predecessor-version":[{"id":126435,"href":"https:\/\/www.bbaf.ulaval.ca\/en\/wp-json\/wp\/v2\/pages\/104304\/revisions\/126435"}],"up":[{"embeddable":true,"href":"https:\/\/www.bbaf.ulaval.ca\/en\/wp-json\/wp\/v2\/pages\/104189"}],"wp:attachment":[{"href":"https:\/\/www.bbaf.ulaval.ca\/en\/wp-json\/wp\/v2\/media?parent=104304"}],"curies":[{"name":"wp","href":"https:\/\/api.w.org\/{rel}","templated":true}]}}