{"id":109142,"date":"2020-03-27T10:55:02","date_gmt":"2020-03-27T14:55:02","guid":{"rendered":"https:\/\/www.bbaf.ulaval.ca\/ressources-financieres-disponibles-covid-19\/"},"modified":"2023-07-07T12:00:00","modified_gmt":"2023-07-07T16:00:00","slug":"ressources-financieres-disponibles-covid-19","status":"publish","type":"page","link":"https:\/\/www.bbaf.ulaval.ca\/en\/ressources-financieres-disponibles-covid-19\/","title":{"rendered":"Ressources financi\u00e8res disponibles &#8211; COVID-19"},"content":{"rendered":"<div class=\"boite-noire\">This page is only available in french.<\/div>\n<p>IMPORTANT: Pour chacun des programmes d&#8217;aide financi\u00e8re, il est important de v\u00e9rifier tous les crit\u00e8res d&#8217;admissibilit\u00e9.<\/p>\n<hr \/>\n<p><a href=\"#programmes\">Mesures gouvernementales<\/a><br \/>\n<a href=\"#prets\">Pr\u00eats et bourses<\/a><br \/>\n<a href=\"#emploi\">Emploi<\/a><br \/>\n<a href=\"#bourse\">Bourse de pr\u00e9carit\u00e9 financi\u00e8re<\/a><br \/>\n<a href=\"#aide\">Aide alimentaire<\/a><br \/>\n<a href=\"#autres\">Quand vos finances vous inqui\u00e8tent<\/a><\/p>\n<hr \/>\n<h2><a id=\"programmes\"><\/a>Mesures gouvernementales<\/h2>\n<p>COVID-19: <a href=\"https:\/\/www.canada.ca\/fr\/ministere-finances\/plan-intervention-economique.html\" target=\"_blank\" rel=\"noopener\">Soutien financier aux personnes, entreprises et organismes<\/a><\/p>\n<p>&nbsp;<\/p>\n<div style=\"display:none;visibility:hidden\">\n<h3><a id=\"pcu\"><\/a>Prestation canadienne d\u2019urgence (PCU)<\/h3>\n<p>La <a href=\"https:\/\/www.canada.ca\/fr\/services\/prestations\/ae\/pcusc-application.html\">Prestation canadienne d\u2019urgence (PCU)<\/a> offre un soutien financier aux employ\u00e9s et aux travailleurs ind\u00e9pendants canadiens qui sont touch\u00e9s directement par la COVID-19. La PCU a pris fin le 26 septembre. Les \u00e9tudiants admissibles \u00e0 cette aide avaient jusqu\u2019au 2 d\u00e9cembre pour effectuer une demande r\u00e9troactive pour n\u2019importe quelle p\u00e9riode entre le 15 mars et le 26 septembre 2020.<\/p>\n[retour]\n<h3><a id=\"pcue\"><\/a>Prestation canadienne d&#8217;urgence pour les \u00e9tudiants (PCUE)<\/h3>\n<p>La <a href=\"https:\/\/www.canada.ca\/fr\/agence-revenu\/services\/prestations\/prestation-urgence-etudiants.html\">Prestation canadienne d&#8217;urgence pour les \u00e9tudiants (PCUE)<\/a> offrait un soutien financier aux \u00e9tudiants de niveau postsecondaire ainsi qu\u2019aux r\u00e9cents dipl\u00f4m\u00e9s de niveau secondaire et postsecondaire qui ne pouvaient pas trouver de travail en raison de la COVID-19. La PCUE a pris fin le 29 ao\u00fbt. Les \u00e9tudiants qui \u00e9taient admissibles \u00e0 cette aide avaient jusqu\u2019au 30 septembre pour effectuer une demande r\u00e9troactive. Pour toutes questions sur cette aide, veuillez vous r\u00e9f\u00e9rer au site Internet du gouvernement du Canada.<\/p>\n[retour]\n<h3><a id=\"ae\"><\/a>Assurance-emploi<\/h3>\n<p>L&#8217;assurance-emploi offre des prestations r\u00e9guli\u00e8res aux personnes qui ont perdu leur emploi sans en \u00eatre responsables (par exemple \u00e0 la suite d&#8217;un manque de travail, parce qu&#8217;elles occupaient un travail saisonnier ou en raison d&#8217;une mise \u00e0 pied massive) et qui sont disponibles pour travailler et qui sont pr\u00eates \u00e0 le faire, mais qui ne peuvent pas\u00a0trouver de travail.<\/p>\n<ul style=\"list-style-type: disc;\">\n<li><strong>Valeur: <\/strong>Variable<\/li>\n<li><strong>Versement: <\/strong>Variable<\/li>\n<\/ul>\n[bouton_bleu_inverse]<a href=\"https:\/\/www.canada.ca\/fr\/services\/prestations\/ae\/assurance-emploi-reguliere\/admissibilite.html\" target=\"_blank\" rel=\"noopener noreferrer\">Admissibilit\u00e9<\/a>[\/bouton_bleu_inverse]\n[bouton_bleu]<a href=\"https:\/\/www.canada.ca\/fr\/services\/prestations\/ae\/assurance-emploi-reguliere\/demande.html\" target=\"_blank\" rel=\"noopener noreferrer\">Faire une demande<\/a>[\/bouton_bleu]\n[retour]\n<h3>Montants de l\u2019Allocation canadienne pour enfants (ACE)<\/h3>\n<p>L\u2019Agence du revenu du Canada (ARC) administre l\u2019allocation canadienne pour enfants (ACE). Il s\u2019agit d\u2019un versement mensuel non imposable fait aux familles admissibles pour les aider \u00e0 subvenir aux besoins de leurs enfants de moins de 18 ans.<\/p>\n<ul style=\"list-style-type: disc;\">\n<li><strong>Valeur:<\/strong> Variable<\/li>\n<li><strong>Versement:<\/strong> Mensuel<\/li>\n<\/ul>\n[bouton_bleu_inverse]<a href=\"https:\/\/www.canada.ca\/fr\/agence-revenu\/services\/prestations-enfants-familles\/allocation-canadienne-enfants-apercu\/allocation-canadienne-enfants-avant-faire-demande.html\" target=\"_blank\" rel=\"noopener noreferrer\">Admissibilit\u00e9<\/a>[\/bouton_bleu_inverse]\n[bouton_bleu]<a href=\"https:\/\/www.canada.ca\/fr\/agence-revenu\/services\/prestations-enfants-familles\/allocation-canadienne-enfants-apercu\/allocation-canadienne-enfants-comment-faire-demande.html\" target=\"_blank\" rel=\"noopener noreferrer\">Faire une demande<\/a>[\/bouton_bleu]\n[boite_grise]Aucune demande n\u00e9cessaire pour les personnes qui re\u00e7oivent d\u00e9j\u00e0 l\u2019Allocation canadienne pour enfants.[\/boite_grise]\n<h3>Cr\u00e9dit pour la TPS\/TVH<\/h3>\n<p>Le cr\u00e9dit pour la TPS\/TVH est un versement non imposable vers\u00e9 tous les trois mois qui aide les particuliers et les familles \u00e0 revenu faible ou modeste \u00e0 r\u00e9cup\u00e9rer, en tout ou en partie, la TPS ou la TVH qu\u2019ils paient.\u00a0Vous \u00eates automatiquement consid\u00e9r\u00e9 pour le cr\u00e9dit pour la TPS\/TVH lorsque vous produisez votre d\u00e9claration de revenus.<\/p>\n<ul style=\"list-style-type: disc;\">\n<li><strong>Valeur:<\/strong> Variable<\/li>\n<li><strong>Versement:<\/strong> Le 5<sup>e<\/sup> jour de juillet, d\u2019octobre, de janvier et d\u2019avril<\/li>\n<\/ul>\n[bouton_bleu_inverse]<a href=\"https:\/\/www.canada.ca\/fr\/agence-revenu\/services\/prestations-enfants-familles\/ctpstvh-admissibilite.html\" target=\"_blank\" rel=\"noopener noreferrer\">Admissibilit\u00e9<\/a>[\/bouton_bleu_inverse]\n[boite_grise]<strong>Faire une demande:<\/strong> Il n\u2019est pas n\u00e9cessaire de pr\u00e9senter une demande pour recevoir ce paiement. Si vous \u00eates y admissible, vous l\u2019obtiendrez automatiquement.[\/boite_grise]<\/div><div style=\"display:none;visibility:hidden\">\n<h2><a id=\"quarantaine\"><\/a>Bourse de soutien pour frais de quarantaine<\/h2>\n<p>L\u2019Universit\u00e9 Laval veut soutenir les \u00e9tudiants qui doivent d\u00e9bourser des frais d\u2019h\u00e9bergement d\u2019h\u00f4tel li\u00e9s \u00e0 leur quarantaine suite \u00e0 leur arriv\u00e9e au Canada. Un programme de bourses a donc \u00e9t\u00e9 cr\u00e9\u00e9 afin de couvrir une partie de ces frais. Sous certaines conditions, une bourse de 750$ pourrait vous \u00eatre octroy\u00e9e.<\/p>\n[bouton_bleu]<a href=\"http:\/\/repertoire.bbaf.ulaval.ca\/bourse\/permalien\/3543\/19652\">Faire une demande<\/a>[\/bouton_bleu]\n[retour]<\/div>\n<h2><a id=\"prets\"><\/a>Pr\u00eats et bourses<\/h2>\n<h3>Impact d&#8217;un abandon de cours sur vos pr\u00eats et bourses<\/h3>\n<p>Si vous recevez des pr\u00eats et bourses et que vous pensez\u00a0abandonner des cours\u00a0(avec ou sans remboursement des droits de scolarit\u00e9), nous vous\u00a0recommandons fortement de\u00a0<a href=\"https:\/\/www.bbaf.ulaval.ca\/en\/contact-us\/?utm_source=mailpoet&amp;utm_medium=email&amp;utm_campaign=bulletin-du-bureau-des-bourses-et-de-l-aide-financiere-bbaf_7\">communiquer avec nous<\/a>\u00a0avant de proc\u00e9der. Nous vous informerons des cons\u00e9quences (parfois majeures) que cela pourrait avoir sur le montant d\u2019aide auquel vous avez droit.<\/p>\n<h2><a id=\"emploi\"><\/a>Emploi<\/h2>\n<p>Le march\u00e9 du travail est plus accessible qu\u2019en d\u00e9but de pand\u00e9mie. \u00c0 noter que le retour \u00e0 un \u00e9quilibre financier passe fr\u00e9quemment par l\u2019acquisition d\u2019un emploi, qu\u2019il soit reli\u00e9 ou non \u00e0 votre domaine d\u2019\u00e9tudes. Sachez que le <a href=\"https:\/\/www.sdp.ulaval.ca\/\" target=\"_blank\" rel=\"noopener noreferrer\">Service du d\u00e9veloppement professionnel (SDP)<\/a> peut vous accompagner dans cette d\u00e9marche. <a href=\"https:\/\/www.spla.ulaval.ca\/etudiants\/conseiller-emploi\" target=\"_blank\" rel=\"noopener noreferrer\">Prenez rendez-vous d\u00e8s maintenant<\/a> avec un conseiller en emploi. Vous pourrez recevoir une aide adapt\u00e9e en ce temps de pand\u00e9mie.<\/p>\n<p><strong>\u00c0\u00a0lire<\/strong><br \/>\n<a href=\"https:\/\/www.spla.ulaval.ca\/mailer\/t2uq61a0d490cb750761c7f4787fee95.aspx\" target=\"_blank\" rel=\"noopener noreferrer\">Explorer son march\u00e9 en temps de pand\u00e9mie<\/a><br \/>\n<a href=\"https:\/\/www.spla.ulaval.ca\/mailer\/t2ur91a7f37bd6af267c53050a308804.aspx\" target=\"_blank\" rel=\"noopener noreferrer\">Adapter ses strat\u00e9gies de recherche d&#8217;emploi<\/a><\/p>\n<p><strong>D\u00e9couvrez des employeurs potentiels<\/strong><br \/>\nIdentifier les entreprises qui vous int\u00e9ressent le plus en consultant leur profil dans notre banque d&#8217;employeurs. Vous y trouverez leurs offres de stage ou d&#8217;emploi, ainsi que l&#8217;historique de leurs visites sur le campus.<\/p>\n<span class=\"bouton_bleu\"><a href=\"https:\/\/www.spla.ulaval.ca\/mailer\/t2ut5148d07899b5b326dd67100384b5.aspx\" target=\"_blank\" rel=\"noopener noreferrer\">Consulter la banque d&#8217;employeurs<\/a><\/span>\n<div class=\"div-br\">\u00a0<\/div>\n<h2><a id=\"bourse\"><\/a>Bourse de pr\u00e9carit\u00e9 financi\u00e8re<\/h2>\n<p>Soutenir financi\u00e8rement les personnes \u00e9tudiantes ayant un <strong>d\u00e9ficit budg\u00e9taire actuel<\/strong>\u00a0les emp\u00eachant d&#8217;assumer leurs<strong>\u00a0besoins de premi\u00e8re n\u00e9cessit\u00e9<\/strong>\u00a0et pour qui la poursuite des \u00e9tudes peut \u00eatre compromise.<\/p>\n<p><img loading=\"lazy\" decoding=\"async\" class=\"alignnone wp-image-114488 size-full\" src=\"https:\/\/www.bbaf.ulaval.ca\/wp-content\/uploads\/2022\/01\/bandeau-page-covid-2022-01-25-e1643138365154.jpg\" alt=\"bou\u00e9e de sauvetage et petit cochon\" width=\"138\" height=\"88\" srcset=\"https:\/\/www.bbaf.ulaval.ca\/wp-content\/uploads\/2022\/01\/bandeau-page-covid-2022-01-25-e1643138365154.jpg 138w, https:\/\/www.bbaf.ulaval.ca\/wp-content\/uploads\/2022\/01\/bandeau-page-covid-2022-01-25-e1643138365154-120x77.jpg 120w\" sizes=\"auto, (max-width: 138px) 100vw, 138px\" \/><\/p>\n<span class=\"bouton_bleu\"><a href=\"http:\/\/repertoire.bbaf.ulaval.ca\/bourse\/permalien\/2114\/1249\" target=\"_blank\" rel=\"noopener noreferrer\">Faire une demande<\/a><\/span>\n<div class=\"div-br\">\u00a0<\/div>\n<h2><a id=\"aide\"><\/a>Aide alimentaire<\/h2>\n<h3>La Table du pain (Universit\u00e9 Laval)<\/h3>\n<p>Vous avez des difficult\u00e9s \u00e0 subvenir \u00e0 vos besoins alimentaires? Nous vous invitons \u00e0 vous enregistrer \u00e0 la distribution hebdomadaire organis\u00e9e par la Table du Pain:<\/p>\n<p><a href=\"https:\/\/forms.gle\/XfiGPEUzE3fq6Cqu6\" target=\"_blank\" rel=\"noopener noreferrer\">Formulaire<\/a><\/p>\n<h3>Les Banques alimentaires du Qu\u00e9bec<\/h3>\n<p><a href=\"https:\/\/www.banquesalimentaires.org\/nos-actions\/notre-reseau\/membres-du-reseau\/carte\/\" target=\"_blank\" rel=\"noopener noreferrer\">Carte interactive<\/a> pour trouver une moisson ou un comptoir alimentaire.<\/p>\n<h3>SOS Ensemble Qu\u00e9bec<\/h3>\n<p>L\u2019\u00e9quipe de SOS Ensemble Qu\u00e9bec offre une aide alimentaire aux gens en situation de pr\u00e9carit\u00e9. Des paniers alimentaires peuvent \u00eatre livr\u00e9s ou r\u00e9cup\u00e9r\u00e9s \u00e0 plusieurs endroits dans la Ville de Qu\u00e9bec.<\/p>\n<p>Pour en savoir plus: <a href=\"https:\/\/www.unitequebec.com\/sos\/\" target=\"_blank\" rel=\"noopener noreferrer\">unitequebec.com\/sos<\/a><\/p>\n<h3>Le comptoir de La Baratte<\/h3>\n<p>Il est possible de vous procurer de d\u00e9licieux repas congel\u00e9s, sains et \u00e9quilibr\u00e9s \u00e0 petit prix. LIVRAISON GRATUITE.<\/p>\n<p>418 527-1173<br \/>\n<a href=\"http:\/\/www.labaratte.ca\" target=\"_blank\" rel=\"noopener noreferrer\">labaratte.ca<\/a><\/p>\n<h3>La bouch\u00e9e g\u00e9n\u00e9reuse \u2013 distribution alimentaire<\/h3>\n<p>La Bouch\u00e9e g\u00e9n\u00e9reuse est en mesure de distribuer plus de 600 paniers d\u2019\u00e9picerie toutes les semaines.<br \/>\nTous les jeudis de 9h30 \u00e0 11h30 \u2013 13h \u00e0 15h<\/p>\n<p>418 648-8588<br \/>\n<a href=\"http:\/\/www.laboucheegenereuse.org\" target=\"_blank\" rel=\"noopener noreferrer\">laboucheegenereuse.org<\/a><\/p>\n<h2><a id=\"autres\"><\/a>Quand vos finances vous inqui\u00e8tent<\/h2>\n<h3>Centre d\u2019aide \u00e0 la communaut\u00e9 \u00e9tudiante<\/h3>\n<p>Le contexte de vie actuel, o\u00f9 nous faisons face \u00e0 une pand\u00e9mie, \u00e0 un confinement prolong\u00e9 et \u00e0 l\u2019arr\u00eat de plusieurs services, bouscule notre \u00e9quilibre. Une partie importante de la solution est de se mettre en ACTION. Voici quelques pistes sugg\u00e9r\u00e9es par le Centre d\u2019aide \u00e0 la communaut\u00e9 \u00e9tudiante.<\/p>\n<span class=\"bouton_bleu\"><a href=\"https:\/\/www.aide.ulaval.ca\/psychologie\/quand-vos-finances-vous-inquietent\/\" target=\"_blank\" rel=\"noopener noreferrer\">Quand vos finances vous inqui\u00e8tent<\/a><\/span>\n<p>&nbsp;<\/p>\n<div class=\"boite-noire\">Note: Les informations pr\u00e9sent\u00e9es dans cette page sont en date du <strong>25 janvier 2022<\/strong> et sont sujettes \u00e0 changement selon l\u2019\u00e9volution de la situation. En cas de disparit\u00e9 entre les informations pr\u00e9sent\u00e9es sur cette page et celles publi\u00e9es par les diff\u00e9rents organismes, ces derni\u00e8res ont priorit\u00e9.<\/div>\n","protected":false},"excerpt":{"rendered":"<p>IMPORTANT: Pour chacun des programmes d&#8217;aide financi\u00e8re, il est important de v\u00e9rifier tous les crit\u00e8res d&#8217;admissibilit\u00e9. Mesures gouvernementales Pr\u00eats et bourses Emploi Bourse de pr\u00e9carit\u00e9 financi\u00e8re Aide alimentaire Quand vos finances vous inqui\u00e8tent Mesures gouvernementales COVID-19: Soutien financier aux personnes, entreprises et organismes &nbsp; Pr\u00eats et bourses Impact d&#8217;un abandon de cours sur vos pr\u00eats [&hellip;]<\/p>\n","protected":false},"author":18,"featured_media":0,"parent":0,"menu_order":34,"comment_status":"closed","ping_status":"closed","template":"","meta":{"_acf_changed":false,"footnotes":""},"class_list":["post-109142","page","type-page","status-publish","hentry"],"acf":[],"yoast_head":"<!-- This site is optimized with the Yoast SEO plugin v27.0 - https:\/\/yoast.com\/product\/yoast-seo-wordpress\/ -->\n<title>Ressources financi\u00e8res disponibles - COVID-19 | Bureau des bourses et de l&#039;aide financi\u00e8re (BBAF)<\/title>\n<meta name=\"robots\" content=\"index, follow, max-snippet:-1, max-image-preview:large, max-video-preview:-1\" \/>\n<link rel=\"canonical\" href=\"https:\/\/www.bbaf.ulaval.ca\/en\/ressources-financieres-disponibles-covid-19\/\" \/>\n<meta property=\"og:locale\" content=\"en_US\" \/>\n<meta property=\"og:type\" content=\"article\" \/>\n<meta property=\"og:title\" content=\"Ressources financi\u00e8res disponibles - COVID-19 | Bureau des bourses et de l&#039;aide financi\u00e8re (BBAF)\" \/>\n<meta property=\"og:description\" content=\"IMPORTANT: Pour chacun des programmes d&#8217;aide financi\u00e8re, il est important de v\u00e9rifier tous les crit\u00e8res d&#8217;admissibilit\u00e9. Mesures gouvernementales Pr\u00eats et bourses Emploi Bourse de pr\u00e9carit\u00e9 financi\u00e8re Aide alimentaire Quand vos finances vous inqui\u00e8tent Mesures gouvernementales COVID-19: Soutien financier aux personnes, entreprises et organismes &nbsp; Pr\u00eats et bourses Impact d&#8217;un abandon de cours sur vos pr\u00eats [&hellip;]\" \/>\n<meta property=\"og:url\" content=\"https:\/\/www.bbaf.ulaval.ca\/en\/ressources-financieres-disponibles-covid-19\/\" \/>\n<meta property=\"og:site_name\" content=\"Bureau des bourses et de l&#039;aide financi\u00e8re (BBAF)\" \/>\n<meta property=\"article:publisher\" content=\"https:\/\/www.facebook.com\/bourses\" \/>\n<meta property=\"article:modified_time\" content=\"2023-07-07T16:00:00+00:00\" \/>\n<meta property=\"og:image\" content=\"https:\/\/www.bbaf.ulaval.ca\/wp-content\/uploads\/2022\/01\/bandeau-page-covid-2022-01-25-e1643138365154.jpg\" \/>\n<meta name=\"twitter:label1\" content=\"Est. reading time\" \/>\n\t<meta name=\"twitter:data1\" content=\"6 minutes\" \/>\n<script type=\"application\/ld+json\" class=\"yoast-schema-graph\">{\"@context\":\"https:\/\/schema.org\",\"@graph\":[{\"@type\":\"WebPage\",\"@id\":\"https:\/\/www.bbaf.ulaval.ca\/en\/ressources-financieres-disponibles-covid-19\/\",\"url\":\"https:\/\/www.bbaf.ulaval.ca\/en\/ressources-financieres-disponibles-covid-19\/\",\"name\":\"Ressources financi\u00e8res disponibles - COVID-19 | Bureau des bourses et de l&#039;aide financi\u00e8re (BBAF)\",\"isPartOf\":{\"@id\":\"https:\/\/www.bbaf.ulaval.ca\/en\/#website\"},\"primaryImageOfPage\":{\"@id\":\"https:\/\/www.bbaf.ulaval.ca\/en\/ressources-financieres-disponibles-covid-19\/#primaryimage\"},\"image\":{\"@id\":\"https:\/\/www.bbaf.ulaval.ca\/en\/ressources-financieres-disponibles-covid-19\/#primaryimage\"},\"thumbnailUrl\":\"https:\/\/www.bbaf.ulaval.ca\/wp-content\/uploads\/2022\/01\/bandeau-page-covid-2022-01-25-e1643138365154.jpg\",\"datePublished\":\"2020-03-27T14:55:02+00:00\",\"dateModified\":\"2023-07-07T16:00:00+00:00\",\"breadcrumb\":{\"@id\":\"https:\/\/www.bbaf.ulaval.ca\/en\/ressources-financieres-disponibles-covid-19\/#breadcrumb\"},\"inLanguage\":\"en\",\"potentialAction\":[{\"@type\":\"ReadAction\",\"target\":[\"https:\/\/www.bbaf.ulaval.ca\/en\/ressources-financieres-disponibles-covid-19\/\"]}]},{\"@type\":\"ImageObject\",\"inLanguage\":\"en\",\"@id\":\"https:\/\/www.bbaf.ulaval.ca\/en\/ressources-financieres-disponibles-covid-19\/#primaryimage\",\"url\":\"https:\/\/www.bbaf.ulaval.ca\/wp-content\/uploads\/2022\/01\/bandeau-page-covid-2022-01-25-e1643138365154.jpg\",\"contentUrl\":\"https:\/\/www.bbaf.ulaval.ca\/wp-content\/uploads\/2022\/01\/bandeau-page-covid-2022-01-25-e1643138365154.jpg\"},{\"@type\":\"BreadcrumbList\",\"@id\":\"https:\/\/www.bbaf.ulaval.ca\/en\/ressources-financieres-disponibles-covid-19\/#breadcrumb\",\"itemListElement\":[{\"@type\":\"ListItem\",\"position\":1,\"name\":\"Accueil\",\"item\":\"https:\/\/www.bbaf.ulaval.ca\/en\/\"},{\"@type\":\"ListItem\",\"position\":2,\"name\":\"Ressources financi\u00e8res disponibles &#8211; COVID-19\"}]},{\"@type\":\"WebSite\",\"@id\":\"https:\/\/www.bbaf.ulaval.ca\/en\/#website\",\"url\":\"https:\/\/www.bbaf.ulaval.ca\/en\/\",\"name\":\"Bureau des bourses et de l&#039;aide financi\u00e8re (BBAF)\",\"description\":\"Universit\u00e9 Laval\",\"potentialAction\":[{\"@type\":\"SearchAction\",\"target\":{\"@type\":\"EntryPoint\",\"urlTemplate\":\"https:\/\/www.bbaf.ulaval.ca\/en\/?s={search_term_string}\"},\"query-input\":{\"@type\":\"PropertyValueSpecification\",\"valueRequired\":true,\"valueName\":\"search_term_string\"}}],\"inLanguage\":\"en\"}]}<\/script>\n<!-- \/ Yoast SEO plugin. -->","yoast_head_json":{"title":"Ressources financi\u00e8res disponibles - COVID-19 | Bureau des bourses et de l&#039;aide financi\u00e8re (BBAF)","robots":{"index":"index","follow":"follow","max-snippet":"max-snippet:-1","max-image-preview":"max-image-preview:large","max-video-preview":"max-video-preview:-1"},"canonical":"https:\/\/www.bbaf.ulaval.ca\/en\/ressources-financieres-disponibles-covid-19\/","og_locale":"en_US","og_type":"article","og_title":"Ressources financi\u00e8res disponibles - COVID-19 | Bureau des bourses et de l&#039;aide financi\u00e8re (BBAF)","og_description":"IMPORTANT: Pour chacun des programmes d&#8217;aide financi\u00e8re, il est important de v\u00e9rifier tous les crit\u00e8res d&#8217;admissibilit\u00e9. Mesures gouvernementales Pr\u00eats et bourses Emploi Bourse de pr\u00e9carit\u00e9 financi\u00e8re Aide alimentaire Quand vos finances vous inqui\u00e8tent Mesures gouvernementales COVID-19: Soutien financier aux personnes, entreprises et organismes &nbsp; Pr\u00eats et bourses Impact d&#8217;un abandon de cours sur vos pr\u00eats [&hellip;]","og_url":"https:\/\/www.bbaf.ulaval.ca\/en\/ressources-financieres-disponibles-covid-19\/","og_site_name":"Bureau des bourses et de l&#039;aide financi\u00e8re (BBAF)","article_publisher":"https:\/\/www.facebook.com\/bourses","article_modified_time":"2023-07-07T16:00:00+00:00","og_image":[{"url":"https:\/\/www.bbaf.ulaval.ca\/wp-content\/uploads\/2022\/01\/bandeau-page-covid-2022-01-25-e1643138365154.jpg","type":"","width":"","height":""}],"twitter_misc":{"Est. reading time":"6 minutes"},"schema":{"@context":"https:\/\/schema.org","@graph":[{"@type":"WebPage","@id":"https:\/\/www.bbaf.ulaval.ca\/en\/ressources-financieres-disponibles-covid-19\/","url":"https:\/\/www.bbaf.ulaval.ca\/en\/ressources-financieres-disponibles-covid-19\/","name":"Ressources financi\u00e8res disponibles - COVID-19 | Bureau des bourses et de l&#039;aide financi\u00e8re (BBAF)","isPartOf":{"@id":"https:\/\/www.bbaf.ulaval.ca\/en\/#website"},"primaryImageOfPage":{"@id":"https:\/\/www.bbaf.ulaval.ca\/en\/ressources-financieres-disponibles-covid-19\/#primaryimage"},"image":{"@id":"https:\/\/www.bbaf.ulaval.ca\/en\/ressources-financieres-disponibles-covid-19\/#primaryimage"},"thumbnailUrl":"https:\/\/www.bbaf.ulaval.ca\/wp-content\/uploads\/2022\/01\/bandeau-page-covid-2022-01-25-e1643138365154.jpg","datePublished":"2020-03-27T14:55:02+00:00","dateModified":"2023-07-07T16:00:00+00:00","breadcrumb":{"@id":"https:\/\/www.bbaf.ulaval.ca\/en\/ressources-financieres-disponibles-covid-19\/#breadcrumb"},"inLanguage":"en","potentialAction":[{"@type":"ReadAction","target":["https:\/\/www.bbaf.ulaval.ca\/en\/ressources-financieres-disponibles-covid-19\/"]}]},{"@type":"ImageObject","inLanguage":"en","@id":"https:\/\/www.bbaf.ulaval.ca\/en\/ressources-financieres-disponibles-covid-19\/#primaryimage","url":"https:\/\/www.bbaf.ulaval.ca\/wp-content\/uploads\/2022\/01\/bandeau-page-covid-2022-01-25-e1643138365154.jpg","contentUrl":"https:\/\/www.bbaf.ulaval.ca\/wp-content\/uploads\/2022\/01\/bandeau-page-covid-2022-01-25-e1643138365154.jpg"},{"@type":"BreadcrumbList","@id":"https:\/\/www.bbaf.ulaval.ca\/en\/ressources-financieres-disponibles-covid-19\/#breadcrumb","itemListElement":[{"@type":"ListItem","position":1,"name":"Accueil","item":"https:\/\/www.bbaf.ulaval.ca\/en\/"},{"@type":"ListItem","position":2,"name":"Ressources financi\u00e8res disponibles &#8211; COVID-19"}]},{"@type":"WebSite","@id":"https:\/\/www.bbaf.ulaval.ca\/en\/#website","url":"https:\/\/www.bbaf.ulaval.ca\/en\/","name":"Bureau des bourses et de l&#039;aide financi\u00e8re (BBAF)","description":"Universit\u00e9 Laval","potentialAction":[{"@type":"SearchAction","target":{"@type":"EntryPoint","urlTemplate":"https:\/\/www.bbaf.ulaval.ca\/en\/?s={search_term_string}"},"query-input":{"@type":"PropertyValueSpecification","valueRequired":true,"valueName":"search_term_string"}}],"inLanguage":"en"}]}},"_links":{"self":[{"href":"https:\/\/www.bbaf.ulaval.ca\/en\/wp-json\/wp\/v2\/pages\/109142","targetHints":{"allow":["GET"]}}],"collection":[{"href":"https:\/\/www.bbaf.ulaval.ca\/en\/wp-json\/wp\/v2\/pages"}],"about":[{"href":"https:\/\/www.bbaf.ulaval.ca\/en\/wp-json\/wp\/v2\/types\/page"}],"author":[{"embeddable":true,"href":"https:\/\/www.bbaf.ulaval.ca\/en\/wp-json\/wp\/v2\/users\/18"}],"replies":[{"embeddable":true,"href":"https:\/\/www.bbaf.ulaval.ca\/en\/wp-json\/wp\/v2\/comments?post=109142"}],"version-history":[{"count":9,"href":"https:\/\/www.bbaf.ulaval.ca\/en\/wp-json\/wp\/v2\/pages\/109142\/revisions"}],"predecessor-version":[{"id":114504,"href":"https:\/\/www.bbaf.ulaval.ca\/en\/wp-json\/wp\/v2\/pages\/109142\/revisions\/114504"}],"wp:attachment":[{"href":"https:\/\/www.bbaf.ulaval.ca\/en\/wp-json\/wp\/v2\/media?parent=109142"}],"curies":[{"name":"wp","href":"https:\/\/api.w.org\/{rel}","templated":true}]}}