{"id":111200,"date":"2021-03-01T15:28:15","date_gmt":"2021-03-01T20:28:15","guid":{"rendered":"https:\/\/www.bbaf.ulaval.ca\/?page_id=111200"},"modified":"2025-09-24T11:42:14","modified_gmt":"2025-09-24T15:42:14","slug":"master-program-funding","status":"publish","type":"page","link":"https:\/\/www.bbaf.ulaval.ca\/en\/scholarships-bursaries\/international-students\/master-program-funding\/","title":{"rendered":"Master&#8217;s program funding"},"content":{"rendered":"<p><img loading=\"lazy\" decoding=\"async\" width=\"1169\" height=\"322\" class=\"alignnone size-full wp-image-125277\" src=\"https:\/\/www.bbaf.ulaval.ca\/wp-content\/uploads\/2025\/06\/entete_financement_2e_cycle_etudiants_international_en.jpg\" alt=\"3,350 scholarships have been awarded in 2023-2024 for a total of $14.6 million\" srcset=\"https:\/\/www.bbaf.ulaval.ca\/wp-content\/uploads\/2025\/06\/entete_financement_2e_cycle_etudiants_international_en.jpg 1169w, https:\/\/www.bbaf.ulaval.ca\/wp-content\/uploads\/2025\/06\/entete_financement_2e_cycle_etudiants_international_en-250x69.jpg 250w, https:\/\/www.bbaf.ulaval.ca\/wp-content\/uploads\/2025\/06\/entete_financement_2e_cycle_etudiants_international_en-700x193.jpg 700w, https:\/\/www.bbaf.ulaval.ca\/wp-content\/uploads\/2025\/06\/entete_financement_2e_cycle_etudiants_international_en-768x212.jpg 768w, https:\/\/www.bbaf.ulaval.ca\/wp-content\/uploads\/2025\/06\/entete_financement_2e_cycle_etudiants_international_en-120x33.jpg 120w\" sizes=\"auto, (max-width: 1169px) 100vw, 1169px\" \/><\/p>\n<hr \/>\n<ul style=\"list-style-type: disc;\">\n<li><span style=\"text-decoration: underline;\"><a href=\"#admission-scholarships\">Admission Scholarships<\/a><\/span><\/li>\n<li><span style=\"text-decoration: underline;\"><a href=\"#scholarships-students\">Scholarships for students<\/a><\/span><\/li>\n<li><span style=\"text-decoration: underline;\"><a href=\"#research-scholarships\">Research scholarships<\/a><\/span><\/li>\n<li><span style=\"text-decoration: underline;\"><a href=\"#other-sources-funding\">Other source of funding<\/a><\/span><\/li>\n<li><span style=\"text-decoration: underline;\"><a href=\"#sample2\">Sample expenses<\/a><\/span><\/li>\n<\/ul>\n<hr \/>\n<h2><a id=\"admission-scholarships\"><\/a>Admission Scholarships<\/h2>\n<div class=\"row equal\" style=\"background-color: #e5e5e5;\">\n<div class=\"col-md-6 vcenter\"><img decoding=\"async\" src=\"https:\/\/www.bbaf.ulaval.ca\/wp-content\/uploads\/2020\/10\/bigstock-student-and-teacher-looking-sm-13618196-scaled.jpg\" alt=\"test\" width=\"100%\" \/><\/div>\n<div class=\"col-md-6 vcenter\">\n<h3>Supplemental tuition fee exemption scholarships<\/h3>\n<p>Offered to certain international students registered at Universit\u00e9 Laval, these scholarships allow them to pay the same tuition fees as Quebec students.<\/p>\n<p>&nbsp;<\/p>\n<span class=\"bouton_bleu\"><a href=\"https:\/\/www.bbaf.ulaval.ca\/en\/scholarships-bursaries\/international-students\/master-program-funding\/tuition-fee-exemption-scholarships-for-undergraduate-and-graduate-programs\/\" rel=\"noopener noreferrer\">Learn more<\/a><\/span>\n<\/div>\n<\/div>\n<hr \/>\n<div class=\"row equal\" style=\"background-color: #e5e5e5;\">\n<div class=\"col-md-6 vcenter\">\n<h3>Citizens of the World scholarships<\/h3>\n<p><strong><span style=\"color: #ed1c24;\">Excellence scholarships<br \/>\n<\/span><\/strong>In support of academic excellence.<\/p>\n<p><strong><span style=\"color: #ed1c24;\">Commitment scholarships<\/span><br \/>\n<\/strong>In support of engaged student leaders<br \/>\n<span style=\"color: #ed1c24;\"><strong><span style=\"font-size: 30px;\">$20,000<\/span><\/strong><\/span><br \/>\n<span class=\"bouton_bleu\"><a href=\"https:\/\/www.bbaf.ulaval.ca\/en\/scholarships-bursaries\/international-students\/master-program-funding\/citizens-of-the-world-scholarships\/\" rel=\"noopener noreferrer\">Learn more<\/a><\/span>\n<\/div>\n<div class=\"col-md-6 vcenter\"><div class=\"epyt-video-wrapper\"><iframe loading=\"lazy\"  id=\"_ytid_52483\"  width=\"480\" height=\"270\"  data-origwidth=\"480\" data-origheight=\"270\"  data-relstop=\"1\" src=\"https:\/\/www.youtube.com\/embed\/XXGNk2Uj1nc?enablejsapi=1&autoplay=0&cc_load_policy=0&cc_lang_pref=fr&iv_load_policy=1&loop=0&rel=0&fs=1&playsinline=0&autohide=2&theme=dark&color=red&controls=1&disablekb=0&\" class=\"__youtube_prefs__  no-lazyload\" title=\"YouTube player\"  allow=\"fullscreen; accelerometer; autoplay; clipboard-write; encrypted-media; gyroscope; picture-in-picture; web-share\" referrerpolicy=\"strict-origin-when-cross-origin\" allowfullscreen data-no-lazy=\"1\" data-skipgform_ajax_framebjll=\"\"><\/iframe><\/div><\/div>\n<\/div>\n<h2><\/h2>\n<h2><a id=\"scholarships-students\"><\/a>Scholarships for students<\/h2>\n<div class=\"row equal\">\n<div class=\"col-md-6 vSameHeight\">\n<div class=\"card\" style=\"border: solid 1px #cccccc;\">\n<div class=\"card-resume\"><span class=\"card-resumeText1\">Over 320 scholarship contests<\/span><br \/>\n<span class=\"card-resumeText2\">available each year<\/span><\/div>\n<div class=\"card-body\">\n<h3 class=\"card-title\">Scholarship Directory<\/h3>\n<p class=\"card-text\">Search engine for finding scholarships that match your profile.<\/p>\n<p><span class=\"bouton_gris\"><a href=\"https:\/\/repertoire.bbaf.ulaval.ca\/bourses?keywordsSearch=false&amp;keyWords=&amp;onlyUlBursaries=false&amp;admissionBursary=false&amp;legalStatusCode=2&amp;cycle=2&amp;faculty=&amp;start-search=true&amp;lessResults=false\" target=\"_blank\" rel=\"noopener noreferrer\">Search<\/a><\/span><\/p>\n<\/div>\n<\/div>\n<\/div>\n<div class=\"col-md-6 vSameHeight\">\n<div class=\"card\" style=\"border: solid 1px #cccccc;\">\n<div class=\"card-resume\"><span class=\"card-resumeText1\">$1,150,000<\/span><br \/>\n<span class=\"card-resumeText2\">per year<\/span><\/div>\n<div class=\"card-body\">\n<h3>FGPS Student Success Scholarships<\/h3>\n<p class=\"card-text\">The FGPS Success Scholarships support students at every stage of their graduate studies.<\/p>\n<p><span class=\"bouton_gris\"><a href=\"https:\/\/www.fesp.ulaval.ca\/en\/support-for-success\/scholarships-and-financial-support\/faculty-graduate-and-postdoctoral-studies-student-success-scholarships\" target=\"_blank\" rel=\"noopener\">Find out about your award plan<\/a><\/span><\/p>\n<\/div>\n<\/div>\n<\/div>\n<\/div>\n<h2><\/h2>\n<h2><a id=\"research-scholarships\"><\/a>Research scholarships<\/h2>\n<div class=\"row equal\">\n<div class=\"col-md-6 vSameHeight\">\n<div class=\"card\" style=\"border: solid 1px #cccccc;\">\n<div class=\"card-resume\"><span class=\"card-resumeText1\">$20,000<\/span><br \/>\n<span class=\"card-resumeText2\">per year<br \/>\n<\/span><\/div>\n<div class=\"card-body\">\n<h3 class=\"card-title\">Merit Scholarship<\/h3>\n<p class=\"card-text\">The Government of Qu\u00e9bec awards merit scholarships to international students for master&#8217;s studies in research.<\/p>\n<p><span class=\"bouton_gris\"><a href=\"https:\/\/www.bbaf.ulaval.ca\/en\/scholarships-bursaries\/international-students\/merit-scholarship-programs\/\" target=\"_blank\" rel=\"noopener\">Learn more<\/a><\/span><\/p>\n<\/div>\n<\/div>\n<\/div>\n<div class=\"col-md-6 vSameHeight\">\n<div class=\"card\" style=\"border: solid 1px #cccccc;\">\n<div class=\"card-resume\"><span class=\"card-resumeText1\">Salaries or scholarships<\/span><br \/>\n<span class=\"card-resumeText2\">for research<\/span><\/div>\n<div class=\"card-body\">\n<h3 class=\"card-title\">Funding from your research supervisor<\/h3>\n<p class=\"card-text\">In many fields, research supervisors provide funding to students who work on their <a href=\"https:\/\/www.projets-recherche.ulaval.ca\/en\/\" target=\"_blank\" rel=\"noopener\">research projects<\/a>. To find out how to apply, contact the <strong>program director at your faculty.\u00a0<\/strong><\/p>\n<\/div>\n<\/div>\n<\/div>\n<\/div>\n<h2><a id=\"other-sources-funding\"><\/a>Other source of funding<\/h2>\n<div class=\"row equal\">\n<div class=\"col-md-12 vSameHeight\">\n<div class=\"card\" style=\"border: solid 1px #cccccc;\">\n<div class=\"card-resume\"><span class=\"card-resumeText1\">Research and teaching<\/span><br \/>\n<span class=\"card-resumeText2\">assistant<\/span><\/div>\n<div class=\"card-body\">\n<h3>Available to undergraduate and graduate students<\/h3>\n<p class=\"card-text\">Jobs helping teaching staff or research teams with course- or research-related tasks.<br \/>\n<span class=\"bouton_gris\"><a href=\"https:\/\/www.sdp.ulaval.ca\/emplois-stages\/etudiants\/travail-campus\" target=\"_blank\" rel=\"noopener noreferrer\">Learn more (in French only)<\/a><\/span><\/p>\n<\/div>\n<\/div>\n<\/div>\n<\/div>\n<h2><\/h2>\n<h2><a id=\"sample2\"><\/a>Sample annual expenses &#8211; Person from abroad<\/h2>\n<h3>Yannick\u2019s expenses for a year of his master\u2019s program at Universit\u00e9 Laval<\/h3>\n<div class=\"row budget-etudiant-financement\">\n<div class=\"col-md-3\"><a href=\"https:\/\/www.bbaf.ulaval.ca\/wp-content\/uploads\/2021\/02\/yannick_visage.jpg\"><img loading=\"lazy\" decoding=\"async\" class=\"alignnone wp-image-111186 size-full\" src=\"https:\/\/www.bbaf.ulaval.ca\/wp-content\/uploads\/2021\/02\/yannick_visage.jpg\" alt=\"\" width=\"279\" height=\"343\" srcset=\"https:\/\/www.bbaf.ulaval.ca\/wp-content\/uploads\/2021\/02\/yannick_visage.jpg 279w, https:\/\/www.bbaf.ulaval.ca\/wp-content\/uploads\/2021\/02\/yannick_visage-250x307.jpg 250w, https:\/\/www.bbaf.ulaval.ca\/wp-content\/uploads\/2021\/02\/yannick_visage-120x148.jpg 120w\" sizes=\"auto, (max-width: 279px) 100vw, 279px\" \/><\/a><\/div>\n<div class=\"col-md-9\">\n<h4>Yannick<\/h4>\n<p><strong>Haitian<\/strong><br \/>\nMaster\u2019s degree without research, Faculty of Business Administration<\/p>\n<\/div>\n<div class=\"col-md-9\">\n<table style=\"width: 99.6778%; height: 540px;\">\n<tbody>\n<tr style=\"height: 47px;\">\n<td style=\"width: 150.652%; background-color: #e30613; color: #ffffff; height: 43px;\" colspan=\"6\"><strong>Annual expenses<\/strong><\/td>\n<\/tr>\n<tr style=\"height: 24px;\">\n<td style=\"width: 75%; background-color: #cccccc; height: 68px;\"><strong><a href=\"https:\/\/www.ulaval.ca\/en\/academics\/tuition\" target=\"_blank\" rel=\"noopener\">Tuition fees<\/a>*<\/strong> <b style=\"font-family: inherit; font-size: inherit;\">without <\/b>a <a href=\"https:\/\/www.bbaf.ulaval.ca\/en\/scholarships-bursaries\/international-students\/undergraduate-funding\/tuition-fee-exemption-scholarships-for-undergraduate-and-graduate-programs\/\">supplemental tuition fee exemption scholarship<\/a><br \/>\n(24 credits)*Amounts are indexed annually and vary based on the student\u2019s legal and program of study. Student association fees, as well as the contribution to the investment fund, will also be added to the invoice.<\/td>\n<td style=\"width: 75.6519%; text-align: right; height: 68px;\" colspan=\"5\">$22,066<\/td>\n<\/tr>\n<tr style=\"height: 24px;\">\n<td style=\"width: 75%; background-color: #cccccc; height: 23px;\"><strong>Health and hospital insurance<\/strong><\/td>\n<td style=\"width: 75.6519%; text-align: right; height: 23px;\" colspan=\"5\">$900<\/td>\n<\/tr>\n<tr style=\"height: 24px;\">\n<td style=\"width: 75%; background-color: #cccccc; height: 10px;\">&nbsp;<\/p>\n<p><strong><a href=\"https:\/\/www.bve.ulaval.ca\/en\/international-students\/prepare-your-stay\/housing\/\" target=\"_blank\" rel=\"noopener\">Housing to be booked prior to arrival<\/a><\/strong><\/p>\n<p>&nbsp;<\/p>\n<p>ULaval residences<\/p>\n<p>&nbsp;<\/p>\n<p>or<\/p>\n<p>&nbsp;<\/p>\n<p>Shared off-campus housing<\/td>\n<td style=\"width: 75.6519%; text-align: right; height: 10px;\" colspan=\"5\">$5,200<\/p>\n<p>&nbsp;<\/p>\n<p>to<\/p>\n<p>&nbsp;<\/p>\n<p>$10,000<\/td>\n<\/tr>\n<tr style=\"height: 24px;\">\n<td style=\"width: 75%; background-color: #cccccc; height: 23px;\"><strong>Groceries<\/strong><\/td>\n<td style=\"width: 75.6519%; text-align: right; height: 23px;\" colspan=\"5\">$6,000<\/td>\n<\/tr>\n<tr style=\"height: 24px;\">\n<td style=\"width: 75%; background-color: #cccccc; height: 96px;\"><strong>Public transit<\/strong> for Qu\u00e9bec City and L\u00e9vis for the fall and winter semesters<\/td>\n<td style=\"height: 96px; text-align: right; width: 75.6519%;\" colspan=\"5\">Pass included in tuition fees<\/td>\n<\/tr>\n<tr style=\"height: 24px;\">\n<td style=\"width: 75%; background-color: #cccccc; height: 23px;\"><strong>Health care<\/strong> (medication and personal care)<\/td>\n<td style=\"width: 75.6519%; text-align: right; height: 23px;\" colspan=\"5\">$1,300<\/td>\n<\/tr>\n<tr style=\"height: 24px;\">\n<td style=\"width: 75%; background-color: #cccccc; height: 47px;\"><strong>Academic expenses<\/strong>\u00a0(school supplies and immigration documents renewal) and\u00a0<strong>personal<\/strong>\u00a0<strong>expenses<\/strong>\u00a0(sports, leisure activities, etc.)<\/td>\n<td style=\"width: 75.6519%; text-align: right; height: 47px;\" colspan=\"5\">$4,700<\/td>\n<\/tr>\n<tr style=\"height: 24px;\">\n<td style=\"width: 75%; background-color: #4d4d4d; height: 23px;\"><strong><span style=\"color: #ffffff;\">Total annual expenses<\/span><\/strong><\/td>\n<td style=\"width: 75.6519%; background-color: #4d4d4d; text-align: right; height: 23px;\" colspan=\"5\"><span style=\"color: #ffffff;\"><b>$40,166 to $44,966<\/b><\/span><\/td>\n<\/tr>\n<tr style=\"height: 43px;\">\n<td style=\"width: 151.12%; background-color: #ffcc00; color: #000000; height: 43px;\" colspan=\"6\"><strong>One-time expenses \u2013 First year of study<\/strong><\/td>\n<\/tr>\n<tr style=\"height: 24px;\">\n<td style=\"width: 75%; background-color: #cccccc; height: 24px;\"><strong>Documents required<\/strong> for admission\/study permit\/CAQ<\/td>\n<td style=\"text-align: right; height: 24px; width: 76.1198%;\" colspan=\"5\">$500<\/td>\n<\/tr>\n<tr style=\"height: 23px;\">\n<td style=\"width: 75%; background-color: #cccccc; height: 23px;\"><strong>Travel upon arrival and temporary accommodation<\/strong><\/td>\n<td style=\"text-align: right; height: 23px; width: 76.1198%;\" colspan=\"5\">$500<\/td>\n<\/tr>\n<tr style=\"height: 23px;\">\n<td style=\"width: 75%; background-color: #cccccc; height: 23px;\"><strong>Used furniture and accessories<\/strong> for off-campus housing<\/td>\n<td style=\"text-align: right; height: 23px; width: 76.1198%;\" colspan=\"5\">$800<\/td>\n<\/tr>\n<tr style=\"height: 24px;\">\n<td style=\"width: 75%; background-color: #cccccc; height: 24px;\"><strong>Winter\u00a0clothing and accessories<\/strong><\/td>\n<td style=\"text-align: right; width: 76.1198%; height: 24px;\" colspan=\"5\">$600<\/td>\n<\/tr>\n<tr style=\"height: 23px;\">\n<td style=\"width: 75%; background-color: #cccccc; height: 23px;\"><strong>Computer<\/strong><\/td>\n<td style=\"text-align: right; height: 23px; width: 76.1198%;\" colspan=\"5\">$800<\/td>\n<\/tr>\n<tr style=\"height: 23px;\">\n<td style=\"width: 75%; background-color: #4d4d4d; height: 24px;\"><span style=\"color: #ffffff;\"><strong>Total one-time expenses<\/strong><\/span><\/td>\n<td style=\"width: 75%; background-color: #4d4d4d; height: 24px; text-align: right;\"><span style=\"color: #ffffff;\"><strong>$500 to $3,200<\/strong><\/span><\/td>\n<\/tr>\n<\/tbody>\n<\/table>\n<p>Last updated on July 18<sup>th<\/sup>, 2025.<\/p>\n<hr \/>\n<p>Amounts are in Canadian dollars and are those in effect for the 2025-2026 academic year. They reflect a modest lifestyle and are only for information purposes. They may vary depending on the economic context and the student\u2019s situation. Universit\u00e9 Laval and the Minist\u00e8re de l&#8217;Enseignement sup\u00e9rieur reserve the right to modify them without notice.<\/p>\n<\/div>\n<\/div>\n","protected":false},"excerpt":{"rendered":"<p>Admission Scholarships Scholarships for students Research scholarships Other source of funding Sample expenses Admission Scholarships Supplemental tuition fee exemption scholarships Offered to certain international students registered at Universit\u00e9 Laval, these scholarships allow them to pay the same tuition fees as Quebec students. &nbsp; Citizens of the World scholarships Excellence scholarships In support of academic excellence. [&hellip;]<\/p>\n","protected":false},"author":42,"featured_media":0,"parent":104189,"menu_order":5,"comment_status":"closed","ping_status":"closed","template":"","meta":{"_acf_changed":false,"footnotes":""},"class_list":["post-111200","page","type-page","status-publish","hentry"],"acf":[],"yoast_head":"<!-- This site is optimized with the Yoast SEO plugin v27.0 - https:\/\/yoast.com\/product\/yoast-seo-wordpress\/ -->\n<title>Master&#039;s program funding | International students | Bureau des bourses et de l&#039;aide financi\u00e8re (BBAF)<\/title>\n<meta name=\"robots\" content=\"index, follow, max-snippet:-1, max-image-preview:large, max-video-preview:-1\" \/>\n<link rel=\"canonical\" href=\"https:\/\/www.bbaf.ulaval.ca\/en\/scholarships-bursaries\/international-students\/master-program-funding\/\" \/>\n<meta property=\"og:locale\" content=\"en_US\" \/>\n<meta property=\"og:type\" content=\"article\" \/>\n<meta property=\"og:title\" content=\"Master&#039;s program funding | International students | Bureau des bourses et de l&#039;aide financi\u00e8re (BBAF)\" \/>\n<meta property=\"og:description\" content=\"Admission Scholarships Scholarships for students Research scholarships Other source of funding Sample expenses Admission Scholarships Supplemental tuition fee exemption scholarships Offered to certain international students registered at Universit\u00e9 Laval, these scholarships allow them to pay the same tuition fees as Quebec students. &nbsp; Citizens of the World scholarships Excellence scholarships In support of academic excellence. [&hellip;]\" \/>\n<meta property=\"og:url\" content=\"https:\/\/www.bbaf.ulaval.ca\/en\/scholarships-bursaries\/international-students\/master-program-funding\/\" \/>\n<meta property=\"og:site_name\" content=\"Bureau des bourses et de l&#039;aide financi\u00e8re (BBAF)\" \/>\n<meta property=\"article:publisher\" content=\"https:\/\/www.facebook.com\/bourses\" \/>\n<meta property=\"article:modified_time\" content=\"2025-09-24T15:42:14+00:00\" \/>\n<meta property=\"og:image\" content=\"https:\/\/www.bbaf.ulaval.ca\/wp-content\/uploads\/2025\/06\/entete_financement_2e_cycle_etudiants_international_en.jpg\" \/>\n\t<meta property=\"og:image:width\" content=\"1169\" \/>\n\t<meta property=\"og:image:height\" content=\"322\" \/>\n\t<meta property=\"og:image:type\" content=\"image\/jpeg\" \/>\n<meta name=\"twitter:label1\" content=\"Est. reading time\" \/>\n\t<meta name=\"twitter:data1\" content=\"3 minutes\" \/>\n<script type=\"application\/ld+json\" class=\"yoast-schema-graph\">{\"@context\":\"https:\/\/schema.org\",\"@graph\":[{\"@type\":\"WebPage\",\"@id\":\"https:\/\/www.bbaf.ulaval.ca\/en\/scholarships-bursaries\/international-students\/master-program-funding\/\",\"url\":\"https:\/\/www.bbaf.ulaval.ca\/en\/scholarships-bursaries\/international-students\/master-program-funding\/\",\"name\":\"Master's program funding | International students | Bureau des bourses et de l&#039;aide financi\u00e8re (BBAF)\",\"isPartOf\":{\"@id\":\"https:\/\/www.bbaf.ulaval.ca\/en\/#website\"},\"primaryImageOfPage\":{\"@id\":\"https:\/\/www.bbaf.ulaval.ca\/en\/scholarships-bursaries\/international-students\/master-program-funding\/#primaryimage\"},\"image\":{\"@id\":\"https:\/\/www.bbaf.ulaval.ca\/en\/scholarships-bursaries\/international-students\/master-program-funding\/#primaryimage\"},\"thumbnailUrl\":\"https:\/\/www.bbaf.ulaval.ca\/wp-content\/uploads\/2025\/06\/entete_financement_2e_cycle_etudiants_international_en.jpg\",\"datePublished\":\"2021-03-01T20:28:15+00:00\",\"dateModified\":\"2025-09-24T15:42:14+00:00\",\"breadcrumb\":{\"@id\":\"https:\/\/www.bbaf.ulaval.ca\/en\/scholarships-bursaries\/international-students\/master-program-funding\/#breadcrumb\"},\"inLanguage\":\"en\",\"potentialAction\":[{\"@type\":\"ReadAction\",\"target\":[\"https:\/\/www.bbaf.ulaval.ca\/en\/scholarships-bursaries\/international-students\/master-program-funding\/\"]}]},{\"@type\":\"ImageObject\",\"inLanguage\":\"en\",\"@id\":\"https:\/\/www.bbaf.ulaval.ca\/en\/scholarships-bursaries\/international-students\/master-program-funding\/#primaryimage\",\"url\":\"https:\/\/www.bbaf.ulaval.ca\/wp-content\/uploads\/2025\/06\/entete_financement_2e_cycle_etudiants_international_en.jpg\",\"contentUrl\":\"https:\/\/www.bbaf.ulaval.ca\/wp-content\/uploads\/2025\/06\/entete_financement_2e_cycle_etudiants_international_en.jpg\"},{\"@type\":\"BreadcrumbList\",\"@id\":\"https:\/\/www.bbaf.ulaval.ca\/en\/scholarships-bursaries\/international-students\/master-program-funding\/#breadcrumb\",\"itemListElement\":[{\"@type\":\"ListItem\",\"position\":1,\"name\":\"Accueil\",\"item\":\"https:\/\/www.bbaf.ulaval.ca\/en\/\"},{\"@type\":\"ListItem\",\"position\":2,\"name\":\"Scholarships &#038; Bursaries\",\"item\":\"https:\/\/www.bbaf.ulaval.ca\/en\/scholarships-bursaries\/\"},{\"@type\":\"ListItem\",\"position\":3,\"name\":\"International students\",\"item\":\"https:\/\/www.bbaf.ulaval.ca\/en\/scholarships-bursaries\/international-students\/\"},{\"@type\":\"ListItem\",\"position\":4,\"name\":\"Master&rsquo;s program funding\"}]},{\"@type\":\"WebSite\",\"@id\":\"https:\/\/www.bbaf.ulaval.ca\/en\/#website\",\"url\":\"https:\/\/www.bbaf.ulaval.ca\/en\/\",\"name\":\"Bureau des bourses et de l&#039;aide financi\u00e8re (BBAF)\",\"description\":\"Universit\u00e9 Laval\",\"potentialAction\":[{\"@type\":\"SearchAction\",\"target\":{\"@type\":\"EntryPoint\",\"urlTemplate\":\"https:\/\/www.bbaf.ulaval.ca\/en\/?s={search_term_string}\"},\"query-input\":{\"@type\":\"PropertyValueSpecification\",\"valueRequired\":true,\"valueName\":\"search_term_string\"}}],\"inLanguage\":\"en\"}]}<\/script>\n<!-- \/ Yoast SEO plugin. -->","yoast_head_json":{"title":"Master's program funding | International students | Bureau des bourses et de l&#039;aide financi\u00e8re (BBAF)","robots":{"index":"index","follow":"follow","max-snippet":"max-snippet:-1","max-image-preview":"max-image-preview:large","max-video-preview":"max-video-preview:-1"},"canonical":"https:\/\/www.bbaf.ulaval.ca\/en\/scholarships-bursaries\/international-students\/master-program-funding\/","og_locale":"en_US","og_type":"article","og_title":"Master's program funding | International students | Bureau des bourses et de l&#039;aide financi\u00e8re (BBAF)","og_description":"Admission Scholarships Scholarships for students Research scholarships Other source of funding Sample expenses Admission Scholarships Supplemental tuition fee exemption scholarships Offered to certain international students registered at Universit\u00e9 Laval, these scholarships allow them to pay the same tuition fees as Quebec students. &nbsp; Citizens of the World scholarships Excellence scholarships In support of academic excellence. [&hellip;]","og_url":"https:\/\/www.bbaf.ulaval.ca\/en\/scholarships-bursaries\/international-students\/master-program-funding\/","og_site_name":"Bureau des bourses et de l&#039;aide financi\u00e8re (BBAF)","article_publisher":"https:\/\/www.facebook.com\/bourses","article_modified_time":"2025-09-24T15:42:14+00:00","og_image":[{"width":1169,"height":322,"url":"https:\/\/www.bbaf.ulaval.ca\/wp-content\/uploads\/2025\/06\/entete_financement_2e_cycle_etudiants_international_en.jpg","type":"image\/jpeg"}],"twitter_misc":{"Est. reading time":"3 minutes"},"schema":{"@context":"https:\/\/schema.org","@graph":[{"@type":"WebPage","@id":"https:\/\/www.bbaf.ulaval.ca\/en\/scholarships-bursaries\/international-students\/master-program-funding\/","url":"https:\/\/www.bbaf.ulaval.ca\/en\/scholarships-bursaries\/international-students\/master-program-funding\/","name":"Master's program funding | International students | Bureau des bourses et de l&#039;aide financi\u00e8re (BBAF)","isPartOf":{"@id":"https:\/\/www.bbaf.ulaval.ca\/en\/#website"},"primaryImageOfPage":{"@id":"https:\/\/www.bbaf.ulaval.ca\/en\/scholarships-bursaries\/international-students\/master-program-funding\/#primaryimage"},"image":{"@id":"https:\/\/www.bbaf.ulaval.ca\/en\/scholarships-bursaries\/international-students\/master-program-funding\/#primaryimage"},"thumbnailUrl":"https:\/\/www.bbaf.ulaval.ca\/wp-content\/uploads\/2025\/06\/entete_financement_2e_cycle_etudiants_international_en.jpg","datePublished":"2021-03-01T20:28:15+00:00","dateModified":"2025-09-24T15:42:14+00:00","breadcrumb":{"@id":"https:\/\/www.bbaf.ulaval.ca\/en\/scholarships-bursaries\/international-students\/master-program-funding\/#breadcrumb"},"inLanguage":"en","potentialAction":[{"@type":"ReadAction","target":["https:\/\/www.bbaf.ulaval.ca\/en\/scholarships-bursaries\/international-students\/master-program-funding\/"]}]},{"@type":"ImageObject","inLanguage":"en","@id":"https:\/\/www.bbaf.ulaval.ca\/en\/scholarships-bursaries\/international-students\/master-program-funding\/#primaryimage","url":"https:\/\/www.bbaf.ulaval.ca\/wp-content\/uploads\/2025\/06\/entete_financement_2e_cycle_etudiants_international_en.jpg","contentUrl":"https:\/\/www.bbaf.ulaval.ca\/wp-content\/uploads\/2025\/06\/entete_financement_2e_cycle_etudiants_international_en.jpg"},{"@type":"BreadcrumbList","@id":"https:\/\/www.bbaf.ulaval.ca\/en\/scholarships-bursaries\/international-students\/master-program-funding\/#breadcrumb","itemListElement":[{"@type":"ListItem","position":1,"name":"Accueil","item":"https:\/\/www.bbaf.ulaval.ca\/en\/"},{"@type":"ListItem","position":2,"name":"Scholarships &#038; Bursaries","item":"https:\/\/www.bbaf.ulaval.ca\/en\/scholarships-bursaries\/"},{"@type":"ListItem","position":3,"name":"International students","item":"https:\/\/www.bbaf.ulaval.ca\/en\/scholarships-bursaries\/international-students\/"},{"@type":"ListItem","position":4,"name":"Master&rsquo;s program funding"}]},{"@type":"WebSite","@id":"https:\/\/www.bbaf.ulaval.ca\/en\/#website","url":"https:\/\/www.bbaf.ulaval.ca\/en\/","name":"Bureau des bourses et de l&#039;aide financi\u00e8re (BBAF)","description":"Universit\u00e9 Laval","potentialAction":[{"@type":"SearchAction","target":{"@type":"EntryPoint","urlTemplate":"https:\/\/www.bbaf.ulaval.ca\/en\/?s={search_term_string}"},"query-input":{"@type":"PropertyValueSpecification","valueRequired":true,"valueName":"search_term_string"}}],"inLanguage":"en"}]}},"_links":{"self":[{"href":"https:\/\/www.bbaf.ulaval.ca\/en\/wp-json\/wp\/v2\/pages\/111200","targetHints":{"allow":["GET"]}}],"collection":[{"href":"https:\/\/www.bbaf.ulaval.ca\/en\/wp-json\/wp\/v2\/pages"}],"about":[{"href":"https:\/\/www.bbaf.ulaval.ca\/en\/wp-json\/wp\/v2\/types\/page"}],"author":[{"embeddable":true,"href":"https:\/\/www.bbaf.ulaval.ca\/en\/wp-json\/wp\/v2\/users\/42"}],"replies":[{"embeddable":true,"href":"https:\/\/www.bbaf.ulaval.ca\/en\/wp-json\/wp\/v2\/comments?post=111200"}],"version-history":[{"count":102,"href":"https:\/\/www.bbaf.ulaval.ca\/en\/wp-json\/wp\/v2\/pages\/111200\/revisions"}],"predecessor-version":[{"id":125643,"href":"https:\/\/www.bbaf.ulaval.ca\/en\/wp-json\/wp\/v2\/pages\/111200\/revisions\/125643"}],"up":[{"embeddable":true,"href":"https:\/\/www.bbaf.ulaval.ca\/en\/wp-json\/wp\/v2\/pages\/104189"}],"wp:attachment":[{"href":"https:\/\/www.bbaf.ulaval.ca\/en\/wp-json\/wp\/v2\/media?parent=111200"}],"curies":[{"name":"wp","href":"https:\/\/api.w.org\/{rel}","templated":true}]}}