{"id":121881,"date":"2022-06-14T11:47:55","date_gmt":"2022-06-14T15:47:55","guid":{"rendered":"https:\/\/www.bbaf.ulaval.ca\/trucs-et-astuces\/"},"modified":"2025-11-28T15:12:27","modified_gmt":"2025-11-28T20:12:27","slug":"tips-and-tricks","status":"publish","type":"page","link":"https:\/\/www.bbaf.ulaval.ca\/en\/tips-and-tricks\/","title":{"rendered":"Tips and Tricks (in French only)"},"content":{"rendered":"<p>Pr\u00e9sent\u00e9s par cat\u00e9gorie, nos <strong>trucs et astuces<\/strong> vous aident \u00e0 am\u00e9liorer et maintenir une bonne sant\u00e9 financi\u00e8re.<\/p>\n<p>&nbsp;<\/p>\n<div class=\"row\">\n<div class=\"col-md-4 vcenter\">\n<ul style=\"list-style-type: disc;\">\n<li><span style=\"text-decoration: underline;\"><a href=\"#epicerie-loyer\">\u00c9picerie et loyer<\/a><\/span><\/li>\n<li><span style=\"text-decoration: underline;\"><a href=\"#etudes\">\u00c9tudes<\/a><\/span><\/li>\n<li><span style=\"text-decoration: underline;\"><a href=\"#budget\">Budget<\/a><\/span><\/li>\n<\/ul>\n<\/div>\n<div class=\"col-md-4 vcenter\" style=\"text-align: left;\">\n<ul style=\"list-style-type: disc;\">\n<li><span style=\"text-decoration: underline;\"><a href=\"#loisirs\">Loisirs<\/a><\/span><\/li>\n<li><span style=\"text-decoration: underline;\"><a href=\"#assurances\">Assurances<\/a><\/span><\/li>\n<li><a href=\"#saines-pratiques-financieres\"><span style=\"text-decoration: underline;\">Saines pratiques financi\u00e8res<\/span><\/a><\/li>\n<\/ul>\n<\/div>\n<\/div>\n<hr \/>\n<section id=\"epicerie-loyer\" class=\"marginAnchor\"><\/section>\n<div class=\"row equal\" style=\"border: thin solid grey;\">\n<div class=\"col-md-6 vcenter\">\n<h2>\u00c9picerie et loyer<\/h2>\n<div><span style=\"text-decoration: underline;\"><a href=\"https:\/\/www.bbaf.ulaval.ca\/nouvelles\/comment-economiser-a-lepicerie-2\/\" rel=\"noopener\">Comment \u00e9conomiser \u00e0 l&#8217;\u00e9picerie?<\/a><\/span><\/div>\n<div style=\"margin-bottom: 30px;\">Il existe quelques trucs simples et rapides pour \u00e9conomiser, chaque fois que vous faites l\u2019\u00e9picerie&#8230;<\/div>\n<div><span style=\"text-decoration: underline;\"><a href=\"https:\/\/www.bbaf.ulaval.ca\/nouvelles\/privilegiez-la-colocation\/\" rel=\"noopener\">Privil\u00e9giez la colocation!<\/a><\/span><\/div>\n<div style=\"margin-bottom: 30px;\">Avoir une ou un colocataire peut vous faire \u00e9conomiser beaucoup d\u2019argent&#8230;<\/div>\n<div><span style=\"text-decoration: underline;\"><a href=\"https:\/\/www.bbaf.ulaval.ca\/nouvelles\/vous-prevoyez-faire-des-achats-2\/\" rel=\"noopener\">Vous pr\u00e9voyez faire des achats?<\/a><\/span><\/div>\n<div style=\"margin-bottom: 30px;\">Des achats \u00e0 l\u2019horizon? Discutez-en avec votre entourage avant de proc\u00e9der&#8230;<\/div>\n<\/div>\n<div class=\"col-md-6 vcenter\"><img decoding=\"async\" class=\"alignnone size-large wp-image-116483\" src=\"https:\/\/www.bbaf.ulaval.ca\/wp-content\/uploads\/2022\/06\/panier-epicerie-generique-700x497.jpg\" alt=\"Trucs et astuces\" \/><\/div>\n<\/div>\n<section id=\"etudes\" class=\"marginAnchor\"><\/section>\n<div class=\"row equal\" style=\"border: thin solid grey;\">\n<div class=\"col-md-6 vcenter\"><img loading=\"lazy\" decoding=\"async\" class=\"alignnone wp-image-116483 size-large\" src=\"https:\/\/www.bbaf.ulaval.ca\/wp-content\/uploads\/2022\/06\/etudes-generique-700x497.jpg\" alt=\"Trucs et astuces\" width=\"700\" height=\"497\" srcset=\"https:\/\/www.bbaf.ulaval.ca\/wp-content\/uploads\/2022\/06\/etudes-generique-700x497.jpg 700w, https:\/\/www.bbaf.ulaval.ca\/wp-content\/uploads\/2022\/06\/etudes-generique-250x178.jpg 250w, https:\/\/www.bbaf.ulaval.ca\/wp-content\/uploads\/2022\/06\/etudes-generique-768x545.jpg 768w, https:\/\/www.bbaf.ulaval.ca\/wp-content\/uploads\/2022\/06\/etudes-generique-600x426.jpg 600w, https:\/\/www.bbaf.ulaval.ca\/wp-content\/uploads\/2022\/06\/etudes-generique-120x85.jpg 120w, https:\/\/www.bbaf.ulaval.ca\/wp-content\/uploads\/2022\/06\/etudes-generique.jpg 1200w\" sizes=\"auto, (max-width: 700px) 100vw, 700px\" \/><\/div>\n<div class=\"col-md-6 vcenter\">\n<h2>\u00c9tudes<\/h2>\n<div><span style=\"text-decoration: underline;\"><a href=\"https:\/\/www.bbaf.ulaval.ca\/nouvelles\/decouvrez-les-sources-de-financement-pour-vos-etudes\/\" rel=\"noopener\">D\u00e9couvrez les sources de financement pour vos \u00e9tudes<\/a><\/span><\/div>\n<div style=\"margin-bottom: 30px;\">Voyez-y plus clair sur les\u00a0sources de financement possibles pour entreprendre ou poursuivre vos \u00e9tudes&#8230;<\/div>\n<div><span style=\"text-decoration: underline;\"><a href=\"https:\/\/www.bbaf.ulaval.ca\/nouvelles\/profitez-de-vos-avantages-etudiants\/\" rel=\"noopener\">Profitez de vos avantages \u00e9tudiants!<\/a><\/span><\/div>\n<div style=\"margin-bottom: 30px;\">Saviez-vous que votre\u00a0statut \u00e9tudiant\u00a0vous conf\u00e8re\u00a0plusieurs rabais&#8230;<\/div>\n<\/div>\n<\/div>\n<section id=\"budget\" class=\"marginAnchor\"><\/section>\n<div class=\"row equal\" style=\"border: thin solid grey;\">\n<div class=\"col-md-6 vcenter\">\n<h2>Budget<\/h2>\n<div><span style=\"text-decoration: underline;\"><a href=\"https:\/\/www.bbaf.ulaval.ca\/nouvelles\/comment-se-preparer-a-faire-son-budget-2\/\" rel=\"noopener\">Comment se pr\u00e9parer \u00e0 faire son budget?<\/a><\/span><\/div>\n<div style=\"margin-bottom: 30px;\">Budget mensuel, trimestriel ou annuel? \u00c0 vous de choisir&#8230;<\/div>\n<div><span style=\"text-decoration: underline;\"><a href=\"https:\/\/www.bbaf.ulaval.ca\/nouvelles\/faistonbudget-ca-pour-reprendre-le-controle-de-vos-finances\/\" rel=\"noopener\">Faistonbudget.ca: pour reprendre le contr\u00f4le de vos finances<\/a><\/span><\/div>\n<div style=\"margin-bottom: 30px;\">Vous aimeriez avoir un meilleur \u00e9quilibre budg\u00e9taire? Nous avons l\u2019outil qu\u2019il vous faut&#8230;<\/div>\n<\/div>\n<div class=\"col-md-6 vcenter\"><img loading=\"lazy\" decoding=\"async\" width=\"700\" height=\"497\" class=\"alignnone size-large wp-image-116489\" src=\"https:\/\/www.bbaf.ulaval.ca\/wp-content\/uploads\/2022\/06\/budget-generique-700x497.jpg\" alt=\"Trucs et astuces\" srcset=\"https:\/\/www.bbaf.ulaval.ca\/wp-content\/uploads\/2022\/06\/budget-generique-700x497.jpg 700w, https:\/\/www.bbaf.ulaval.ca\/wp-content\/uploads\/2022\/06\/budget-generique-250x178.jpg 250w, https:\/\/www.bbaf.ulaval.ca\/wp-content\/uploads\/2022\/06\/budget-generique-768x545.jpg 768w, https:\/\/www.bbaf.ulaval.ca\/wp-content\/uploads\/2022\/06\/budget-generique-600x426.jpg 600w, https:\/\/www.bbaf.ulaval.ca\/wp-content\/uploads\/2022\/06\/budget-generique-120x85.jpg 120w, https:\/\/www.bbaf.ulaval.ca\/wp-content\/uploads\/2022\/06\/budget-generique.jpg 1200w\" sizes=\"auto, (max-width: 700px) 100vw, 700px\" \/><\/div>\n<\/div>\n<section id=\"loisirs\" class=\"marginAnchor\"><\/section>\n<div class=\"row equal\" style=\"border: thin solid grey;\">\n<div class=\"col-md-6 vcenter\"><img loading=\"lazy\" decoding=\"async\" width=\"700\" height=\"497\" class=\"alignnone size-large wp-image-116494\" src=\"https:\/\/www.bbaf.ulaval.ca\/wp-content\/uploads\/2022\/06\/loisirs-generique-700x497.jpg\" alt=\"Trucs et astuces\" srcset=\"https:\/\/www.bbaf.ulaval.ca\/wp-content\/uploads\/2022\/06\/loisirs-generique-700x497.jpg 700w, https:\/\/www.bbaf.ulaval.ca\/wp-content\/uploads\/2022\/06\/loisirs-generique-250x178.jpg 250w, https:\/\/www.bbaf.ulaval.ca\/wp-content\/uploads\/2022\/06\/loisirs-generique-768x545.jpg 768w, https:\/\/www.bbaf.ulaval.ca\/wp-content\/uploads\/2022\/06\/loisirs-generique-600x426.jpg 600w, https:\/\/www.bbaf.ulaval.ca\/wp-content\/uploads\/2022\/06\/loisirs-generique-120x85.jpg 120w, https:\/\/www.bbaf.ulaval.ca\/wp-content\/uploads\/2022\/06\/loisirs-generique.jpg 1200w\" sizes=\"auto, (max-width: 700px) 100vw, 700px\" \/><\/div>\n<div class=\"col-md-6 vcenter\">\n<h2>Loisirs<\/h2>\n<div><span style=\"text-decoration: underline;\"><a href=\"https:\/\/www.bbaf.ulaval.ca\/nouvelles\/lire-sans-se-ruiner-2\/\" rel=\"noopener\">Lire sans se ruiner!<\/a><\/span><\/div>\n<div style=\"margin-bottom: 30px;\">Vous adorez la lecture et la saison estivale est la p\u00e9riode o\u00f9 vous prenez le temps de vous plonger dans des histoires passionnantes? Voici quelques trucs pour \u00e9conomiser, sans vous priver&#8230;<\/div>\n<div>\n<div><a href=\"https:\/\/www.bbaf.ulaval.ca\/nouvelles\/votre-equipement-sportif-a-petit-prix\/\" rel=\"noopener\">Votre \u00e9quipement sportif \u00e0 petit prix<\/a><\/div>\n<div>Vous aimeriez renouveler votre\u00a0\u00e9quipement sportif, mais votre budget est limit\u00e9? Questionnez-vous d\u2019abord\u2026<\/div>\n<\/div>\n<\/div>\n<\/div>\n<section id=\"assurances\" class=\"marginAnchor\"><\/section>\n<div class=\"row equal\" style=\"border: thin solid grey;\">\n<div class=\"col-md-6 vcenter\">\n<h2>Assurances<\/h2>\n<div><span style=\"text-decoration: underline;\"><a href=\"https:\/\/www.bbaf.ulaval.ca\/nouvelles\/magasinez-vos-assurances-automobiles\/\" rel=\"noopener\">Magasinez vos assurances automobiles!<\/a><\/span><\/div>\n<div style=\"margin-bottom: 30px;\">Le temps est venu de magasiner vos assurances automobiles? Restez \u00e0 l&#8217;aff\u00fbt, les primes peuvent doubler d\u2019une compagnie d&#8217;assurance \u00e0 l\u2019autre. Allez-y par \u00e9tape&#8230;<\/div>\n<div><span style=\"text-decoration: underline;\"><a href=\"https:\/\/www.bbaf.ulaval.ca\/nouvelles\/profitez-des-rabais-offerts-par-les-assureurs-2\/\" rel=\"noopener\">Profitez des rabais offerts par les assureurs!<\/a><\/span><\/div>\n<div style=\"margin-bottom: 30px;\">Voici ce que vous pourriez faire pour obtenir des rabais sur vos assurances&#8230;<\/div>\n<\/div>\n<div class=\"col-md-6 vcenter\"><img loading=\"lazy\" decoding=\"async\" width=\"700\" height=\"497\" class=\"alignnone size-large wp-image-116486\" src=\"https:\/\/www.bbaf.ulaval.ca\/wp-content\/uploads\/2022\/06\/assurances-generique-700x497.jpg\" alt=\"Trucs et astuces\" srcset=\"https:\/\/www.bbaf.ulaval.ca\/wp-content\/uploads\/2022\/06\/assurances-generique-700x497.jpg 700w, https:\/\/www.bbaf.ulaval.ca\/wp-content\/uploads\/2022\/06\/assurances-generique-250x178.jpg 250w, https:\/\/www.bbaf.ulaval.ca\/wp-content\/uploads\/2022\/06\/assurances-generique-768x545.jpg 768w, https:\/\/www.bbaf.ulaval.ca\/wp-content\/uploads\/2022\/06\/assurances-generique-600x426.jpg 600w, https:\/\/www.bbaf.ulaval.ca\/wp-content\/uploads\/2022\/06\/assurances-generique-120x85.jpg 120w, https:\/\/www.bbaf.ulaval.ca\/wp-content\/uploads\/2022\/06\/assurances-generique.jpg 1200w\" sizes=\"auto, (max-width: 700px) 100vw, 700px\" \/><\/div>\n<\/div>\n<section id=\"saines-pratiques-financieres\" class=\"marginAnchor\"><\/section>\n<div class=\"row equal\" style=\"border: thin solid grey;\">\n<div class=\"col-md-6 vcenter\"><img loading=\"lazy\" decoding=\"async\" width=\"700\" height=\"497\" class=\"alignnone size-large wp-image-116521\" src=\"https:\/\/www.bbaf.ulaval.ca\/wp-content\/uploads\/2022\/06\/saines-pratiques-financieres-generique-700x497.jpg\" alt=\"Trucs et astuces\" srcset=\"https:\/\/www.bbaf.ulaval.ca\/wp-content\/uploads\/2022\/06\/saines-pratiques-financieres-generique-700x497.jpg 700w, https:\/\/www.bbaf.ulaval.ca\/wp-content\/uploads\/2022\/06\/saines-pratiques-financieres-generique-250x178.jpg 250w, https:\/\/www.bbaf.ulaval.ca\/wp-content\/uploads\/2022\/06\/saines-pratiques-financieres-generique-768x545.jpg 768w, https:\/\/www.bbaf.ulaval.ca\/wp-content\/uploads\/2022\/06\/saines-pratiques-financieres-generique-600x426.jpg 600w, https:\/\/www.bbaf.ulaval.ca\/wp-content\/uploads\/2022\/06\/saines-pratiques-financieres-generique-120x85.jpg 120w, https:\/\/www.bbaf.ulaval.ca\/wp-content\/uploads\/2022\/06\/saines-pratiques-financieres-generique.jpg 1200w\" sizes=\"auto, (max-width: 700px) 100vw, 700px\" \/><\/div>\n<div class=\"col-md-6 vcenter\">\n<h2><span style=\"background-color: #ffffff;\">Saines pratiques financi\u00e8res<\/span><\/h2>\n<div><span style=\"text-decoration: underline;\"><a href=\"https:\/\/www.bbaf.ulaval.ca\/nouvelles\/choisir-le-bon-compte-bancaire-2\/\" rel=\"noopener\">Choisir le bon compte bancaire<\/a><\/span><\/div>\n<div style=\"margin-bottom: 30px;\">Afin de choisir le compte bancaire le plus avantageux et qui correspond \u00e0 vos besoins, voici ce que vous devez consid\u00e9rer&#8230;<\/div>\n<div>\n<div><span style=\"text-decoration: underline;\"><a style=\"text-decoration: underline;\" href=\"https:\/\/www.bbaf.ulaval.ca\/nouvelles\/evitez-les-avances-de-fonds-sur-les-cartes-de-credit-si-vous-devez-faire-un-emprunt-2\/\" target=\"_blank\" rel=\"noopener\">\u00c9vitez les avances de fonds sur les cartes de cr\u00e9dit<\/a><\/span><\/div>\n<div style=\"margin-bottom: 30px;\">Un pr\u00eat personnel ou une marge de cr\u00e9dit pourraient vous co\u00fbter moins cher qu\u2019une avance de fonds\u2026<\/div>\n<\/div>\n<div>\n<div><span style=\"text-decoration: underline;\"><a href=\"https:\/\/www.bbaf.ulaval.ca\/?p=114033\" rel=\"noopener\">Offrez des cadeaux abordables<\/a><\/span><\/div>\n<div style=\"margin-bottom: 30px;\">Voici quelques trucs pour vos achats des f\u00eates&#8230;<\/div>\n<\/div>\n<div>\n<div><span style=\"text-decoration: underline;\"><a style=\"text-decoration: underline;\" href=\"https:\/\/www.bbaf.ulaval.ca\/nouvelles\/planifiez-vos-depenses\/\" rel=\"noopener\">Planifiez vos d\u00e9penses<\/a><\/span><\/div>\n<div style=\"margin-bottom: 30px;\">Voici comment bien planifier vos d\u00e9penses, tout au long de l\u2019ann\u00e9e\u2026<\/div>\n<p><span style=\"text-decoration: underline;\"><a href=\"https:\/\/www.bbaf.ulaval.ca\/nouvelles\/economies-en-mode-automatique-3\/\" rel=\"noopener\">R\u00e9duire votre stress financier<\/a><\/span><\/p>\n<\/div>\n<div style=\"margin-bottom: 30px;\">Il existe de nombreux bienfaits \u00e0 maintenir une bonne sant\u00e9 financi\u00e8re&#8230;<\/div>\n<div>\n<div>\n<div><span style=\"text-decoration: underline;\"><a href=\"https:\/\/www.bbaf.ulaval.ca\/nouvelles\/regroupez-vos-dettes\/\" target=\"_blank\" rel=\"noopener\">Regroupez vos dettes<\/a><\/span><\/div>\n<div style=\"margin-bottom: 30px;\">Vous avez des dettes qui vous co\u00fbtent cher en int\u00e9r\u00eats? Sachez que vous pourriez \u00e9conomiser\u2026<\/div>\n<\/div>\n<\/div>\n<\/div>\n<\/div>\n","protected":false},"excerpt":{"rendered":"<p>Pr\u00e9sent\u00e9s par cat\u00e9gorie, nos trucs et astuces vous aident \u00e0 am\u00e9liorer et maintenir une bonne sant\u00e9 financi\u00e8re. &nbsp; \u00c9picerie et loyer \u00c9tudes Budget Loisirs Assurances Saines pratiques financi\u00e8res \u00c9picerie et loyer Comment \u00e9conomiser \u00e0 l&#8217;\u00e9picerie? Il existe quelques trucs simples et rapides pour \u00e9conomiser, chaque fois que vous faites l\u2019\u00e9picerie&#8230; Privil\u00e9giez la colocation! Avoir une [&hellip;]<\/p>\n","protected":false},"author":42,"featured_media":0,"parent":0,"menu_order":10,"comment_status":"closed","ping_status":"closed","template":"","meta":{"_acf_changed":false,"footnotes":""},"class_list":["post-121881","page","type-page","status-publish","hentry"],"acf":[],"yoast_head":"<!-- This site is optimized with the Yoast SEO plugin v27.0 - https:\/\/yoast.com\/product\/yoast-seo-wordpress\/ -->\n<title>Tips and Tricks (in French only) | Bureau des bourses et de l&#039;aide financi\u00e8re (BBAF)<\/title>\n<meta name=\"robots\" content=\"index, follow, max-snippet:-1, max-image-preview:large, max-video-preview:-1\" \/>\n<link rel=\"canonical\" href=\"https:\/\/www.bbaf.ulaval.ca\/en\/tips-and-tricks\/\" \/>\n<meta property=\"og:locale\" content=\"en_US\" \/>\n<meta property=\"og:type\" content=\"article\" \/>\n<meta property=\"og:title\" content=\"Tips and Tricks (in French only) | Bureau des bourses et de l&#039;aide financi\u00e8re (BBAF)\" \/>\n<meta property=\"og:description\" content=\"Pr\u00e9sent\u00e9s par cat\u00e9gorie, nos trucs et astuces vous aident \u00e0 am\u00e9liorer et maintenir une bonne sant\u00e9 financi\u00e8re. &nbsp; \u00c9picerie et loyer \u00c9tudes Budget Loisirs Assurances Saines pratiques financi\u00e8res \u00c9picerie et loyer Comment \u00e9conomiser \u00e0 l&#8217;\u00e9picerie? Il existe quelques trucs simples et rapides pour \u00e9conomiser, chaque fois que vous faites l\u2019\u00e9picerie&#8230; Privil\u00e9giez la colocation! Avoir une [&hellip;]\" \/>\n<meta property=\"og:url\" content=\"https:\/\/www.bbaf.ulaval.ca\/en\/tips-and-tricks\/\" \/>\n<meta property=\"og:site_name\" content=\"Bureau des bourses et de l&#039;aide financi\u00e8re (BBAF)\" \/>\n<meta property=\"article:publisher\" content=\"https:\/\/www.facebook.com\/bourses\" \/>\n<meta property=\"article:modified_time\" content=\"2025-11-28T20:12:27+00:00\" \/>\n<meta property=\"og:image\" content=\"https:\/\/www.bbaf.ulaval.ca\/wp-content\/uploads\/2022\/06\/etudes-generique.jpg\" \/>\n\t<meta property=\"og:image:width\" content=\"1200\" \/>\n\t<meta property=\"og:image:height\" content=\"852\" \/>\n\t<meta property=\"og:image:type\" content=\"image\/jpeg\" \/>\n<meta name=\"twitter:label1\" content=\"Est. reading time\" \/>\n\t<meta name=\"twitter:data1\" content=\"4 minutes\" \/>\n<script type=\"application\/ld+json\" class=\"yoast-schema-graph\">{\"@context\":\"https:\/\/schema.org\",\"@graph\":[{\"@type\":\"WebPage\",\"@id\":\"https:\/\/www.bbaf.ulaval.ca\/en\/tips-and-tricks\/\",\"url\":\"https:\/\/www.bbaf.ulaval.ca\/en\/tips-and-tricks\/\",\"name\":\"Tips and Tricks (in French only) | Bureau des bourses et de l&#039;aide financi\u00e8re (BBAF)\",\"isPartOf\":{\"@id\":\"https:\/\/www.bbaf.ulaval.ca\/en\/#website\"},\"primaryImageOfPage\":{\"@id\":\"https:\/\/www.bbaf.ulaval.ca\/en\/tips-and-tricks\/#primaryimage\"},\"image\":{\"@id\":\"https:\/\/www.bbaf.ulaval.ca\/en\/tips-and-tricks\/#primaryimage\"},\"thumbnailUrl\":\"https:\/\/www.bbaf.ulaval.ca\/wp-content\/uploads\/2022\/06\/panier-epicerie-generique-700x497.jpg\",\"datePublished\":\"2022-06-14T15:47:55+00:00\",\"dateModified\":\"2025-11-28T20:12:27+00:00\",\"breadcrumb\":{\"@id\":\"https:\/\/www.bbaf.ulaval.ca\/en\/tips-and-tricks\/#breadcrumb\"},\"inLanguage\":\"en\",\"potentialAction\":[{\"@type\":\"ReadAction\",\"target\":[\"https:\/\/www.bbaf.ulaval.ca\/en\/tips-and-tricks\/\"]}]},{\"@type\":\"ImageObject\",\"inLanguage\":\"en\",\"@id\":\"https:\/\/www.bbaf.ulaval.ca\/en\/tips-and-tricks\/#primaryimage\",\"url\":\"https:\/\/www.bbaf.ulaval.ca\/wp-content\/uploads\/2022\/06\/panier-epicerie-generique-700x497.jpg\",\"contentUrl\":\"https:\/\/www.bbaf.ulaval.ca\/wp-content\/uploads\/2022\/06\/panier-epicerie-generique-700x497.jpg\"},{\"@type\":\"BreadcrumbList\",\"@id\":\"https:\/\/www.bbaf.ulaval.ca\/en\/tips-and-tricks\/#breadcrumb\",\"itemListElement\":[{\"@type\":\"ListItem\",\"position\":1,\"name\":\"Accueil\",\"item\":\"https:\/\/www.bbaf.ulaval.ca\/en\/\"},{\"@type\":\"ListItem\",\"position\":2,\"name\":\"Tips and Tricks (in French only)\"}]},{\"@type\":\"WebSite\",\"@id\":\"https:\/\/www.bbaf.ulaval.ca\/en\/#website\",\"url\":\"https:\/\/www.bbaf.ulaval.ca\/en\/\",\"name\":\"Bureau des bourses et de l&#039;aide financi\u00e8re (BBAF)\",\"description\":\"Universit\u00e9 Laval\",\"potentialAction\":[{\"@type\":\"SearchAction\",\"target\":{\"@type\":\"EntryPoint\",\"urlTemplate\":\"https:\/\/www.bbaf.ulaval.ca\/en\/?s={search_term_string}\"},\"query-input\":{\"@type\":\"PropertyValueSpecification\",\"valueRequired\":true,\"valueName\":\"search_term_string\"}}],\"inLanguage\":\"en\"}]}<\/script>\n<!-- \/ Yoast SEO plugin. -->","yoast_head_json":{"title":"Tips and Tricks (in French only) | Bureau des bourses et de l&#039;aide financi\u00e8re (BBAF)","robots":{"index":"index","follow":"follow","max-snippet":"max-snippet:-1","max-image-preview":"max-image-preview:large","max-video-preview":"max-video-preview:-1"},"canonical":"https:\/\/www.bbaf.ulaval.ca\/en\/tips-and-tricks\/","og_locale":"en_US","og_type":"article","og_title":"Tips and Tricks (in French only) | Bureau des bourses et de l&#039;aide financi\u00e8re (BBAF)","og_description":"Pr\u00e9sent\u00e9s par cat\u00e9gorie, nos trucs et astuces vous aident \u00e0 am\u00e9liorer et maintenir une bonne sant\u00e9 financi\u00e8re. &nbsp; \u00c9picerie et loyer \u00c9tudes Budget Loisirs Assurances Saines pratiques financi\u00e8res \u00c9picerie et loyer Comment \u00e9conomiser \u00e0 l&#8217;\u00e9picerie? Il existe quelques trucs simples et rapides pour \u00e9conomiser, chaque fois que vous faites l\u2019\u00e9picerie&#8230; Privil\u00e9giez la colocation! Avoir une [&hellip;]","og_url":"https:\/\/www.bbaf.ulaval.ca\/en\/tips-and-tricks\/","og_site_name":"Bureau des bourses et de l&#039;aide financi\u00e8re (BBAF)","article_publisher":"https:\/\/www.facebook.com\/bourses","article_modified_time":"2025-11-28T20:12:27+00:00","og_image":[{"width":1200,"height":852,"url":"https:\/\/www.bbaf.ulaval.ca\/wp-content\/uploads\/2022\/06\/etudes-generique.jpg","type":"image\/jpeg"}],"twitter_misc":{"Est. reading time":"4 minutes"},"schema":{"@context":"https:\/\/schema.org","@graph":[{"@type":"WebPage","@id":"https:\/\/www.bbaf.ulaval.ca\/en\/tips-and-tricks\/","url":"https:\/\/www.bbaf.ulaval.ca\/en\/tips-and-tricks\/","name":"Tips and Tricks (in French only) | Bureau des bourses et de l&#039;aide financi\u00e8re (BBAF)","isPartOf":{"@id":"https:\/\/www.bbaf.ulaval.ca\/en\/#website"},"primaryImageOfPage":{"@id":"https:\/\/www.bbaf.ulaval.ca\/en\/tips-and-tricks\/#primaryimage"},"image":{"@id":"https:\/\/www.bbaf.ulaval.ca\/en\/tips-and-tricks\/#primaryimage"},"thumbnailUrl":"https:\/\/www.bbaf.ulaval.ca\/wp-content\/uploads\/2022\/06\/panier-epicerie-generique-700x497.jpg","datePublished":"2022-06-14T15:47:55+00:00","dateModified":"2025-11-28T20:12:27+00:00","breadcrumb":{"@id":"https:\/\/www.bbaf.ulaval.ca\/en\/tips-and-tricks\/#breadcrumb"},"inLanguage":"en","potentialAction":[{"@type":"ReadAction","target":["https:\/\/www.bbaf.ulaval.ca\/en\/tips-and-tricks\/"]}]},{"@type":"ImageObject","inLanguage":"en","@id":"https:\/\/www.bbaf.ulaval.ca\/en\/tips-and-tricks\/#primaryimage","url":"https:\/\/www.bbaf.ulaval.ca\/wp-content\/uploads\/2022\/06\/panier-epicerie-generique-700x497.jpg","contentUrl":"https:\/\/www.bbaf.ulaval.ca\/wp-content\/uploads\/2022\/06\/panier-epicerie-generique-700x497.jpg"},{"@type":"BreadcrumbList","@id":"https:\/\/www.bbaf.ulaval.ca\/en\/tips-and-tricks\/#breadcrumb","itemListElement":[{"@type":"ListItem","position":1,"name":"Accueil","item":"https:\/\/www.bbaf.ulaval.ca\/en\/"},{"@type":"ListItem","position":2,"name":"Tips and Tricks (in French only)"}]},{"@type":"WebSite","@id":"https:\/\/www.bbaf.ulaval.ca\/en\/#website","url":"https:\/\/www.bbaf.ulaval.ca\/en\/","name":"Bureau des bourses et de l&#039;aide financi\u00e8re (BBAF)","description":"Universit\u00e9 Laval","potentialAction":[{"@type":"SearchAction","target":{"@type":"EntryPoint","urlTemplate":"https:\/\/www.bbaf.ulaval.ca\/en\/?s={search_term_string}"},"query-input":{"@type":"PropertyValueSpecification","valueRequired":true,"valueName":"search_term_string"}}],"inLanguage":"en"}]}},"_links":{"self":[{"href":"https:\/\/www.bbaf.ulaval.ca\/en\/wp-json\/wp\/v2\/pages\/121881","targetHints":{"allow":["GET"]}}],"collection":[{"href":"https:\/\/www.bbaf.ulaval.ca\/en\/wp-json\/wp\/v2\/pages"}],"about":[{"href":"https:\/\/www.bbaf.ulaval.ca\/en\/wp-json\/wp\/v2\/types\/page"}],"author":[{"embeddable":true,"href":"https:\/\/www.bbaf.ulaval.ca\/en\/wp-json\/wp\/v2\/users\/42"}],"replies":[{"embeddable":true,"href":"https:\/\/www.bbaf.ulaval.ca\/en\/wp-json\/wp\/v2\/comments?post=121881"}],"version-history":[{"count":12,"href":"https:\/\/www.bbaf.ulaval.ca\/en\/wp-json\/wp\/v2\/pages\/121881\/revisions"}],"predecessor-version":[{"id":126121,"href":"https:\/\/www.bbaf.ulaval.ca\/en\/wp-json\/wp\/v2\/pages\/121881\/revisions\/126121"}],"wp:attachment":[{"href":"https:\/\/www.bbaf.ulaval.ca\/en\/wp-json\/wp\/v2\/media?parent=121881"}],"curies":[{"name":"wp","href":"https:\/\/api.w.org\/{rel}","templated":true}]}}