{"id":121926,"date":"2016-05-17T10:06:29","date_gmt":"2016-05-17T14:06:29","guid":{"rendered":"https:\/\/www.bbaf.ulaval.ca\/loans-and-bursaries\/quebec-loans-and-bursaries\/aide-et-recours\/"},"modified":"2023-12-14T11:00:33","modified_gmt":"2023-12-14T16:00:33","slug":"help-and-recourse","status":"publish","type":"page","link":"https:\/\/www.bbaf.ulaval.ca\/en\/loans-and-bursaries\/quebec-loans-and-bursaries\/help-and-recourse\/","title":{"rendered":"Help and recourse (in French only)"},"content":{"rendered":"<hr \/>\n<ul style=\"list-style-type: disc;\">\n<li data-leveltext=\"\uf0b7\" data-font=\"Symbol\" data-listid=\"7\" data-list-defn-props=\"{&quot;335552541&quot;:1,&quot;335559684&quot;:-2,&quot;335559685&quot;:1440,&quot;335559991&quot;:360,&quot;469769226&quot;:&quot;Symbol&quot;,&quot;469769242&quot;:[8226],&quot;469777803&quot;:&quot;left&quot;,&quot;469777804&quot;:&quot;\uf0b7&quot;,&quot;469777815&quot;:&quot;hybridMultilevel&quot;}\" aria-setsize=\"-1\" data-aria-posinset=\"1\" data-aria-level=\"2\"><a href=\"#service-clientele\"><span data-contrast=\"none\">Service \u00e0 la client\u00e8le<\/span><span data-ccp-props=\"{&quot;201341983&quot;:0,&quot;335559739&quot;:0,&quot;335559740&quot;:259}\">\u00a0<\/span><\/a><\/li>\n<li data-leveltext=\"\uf0b7\" data-font=\"Symbol\" data-listid=\"7\" data-list-defn-props=\"{&quot;335552541&quot;:1,&quot;335559684&quot;:-2,&quot;335559685&quot;:1440,&quot;335559991&quot;:360,&quot;469769226&quot;:&quot;Symbol&quot;,&quot;469769242&quot;:[8226],&quot;469777803&quot;:&quot;left&quot;,&quot;469777804&quot;:&quot;\uf0b7&quot;,&quot;469777815&quot;:&quot;hybridMultilevel&quot;}\" aria-setsize=\"-1\" data-aria-posinset=\"2\" data-aria-level=\"2\"><a href=\"#demande-revision\"><span data-contrast=\"none\">Demande de r\u00e9vision<\/span><span data-ccp-props=\"{&quot;201341983&quot;:0,&quot;335559739&quot;:0,&quot;335559740&quot;:259}\">\u00a0<\/span><\/a><\/li>\n<li data-leveltext=\"\uf0b7\" data-font=\"Symbol\" data-listid=\"7\" data-list-defn-props=\"{&quot;335552541&quot;:1,&quot;335559684&quot;:-2,&quot;335559685&quot;:1440,&quot;335559991&quot;:360,&quot;469769226&quot;:&quot;Symbol&quot;,&quot;469769242&quot;:[8226],&quot;469777803&quot;:&quot;left&quot;,&quot;469777804&quot;:&quot;\uf0b7&quot;,&quot;469777815&quot;:&quot;hybridMultilevel&quot;}\" aria-setsize=\"-1\" data-aria-posinset=\"3\" data-aria-level=\"2\"><a href=\"#demande-derogation\"><span data-contrast=\"none\">Demande d\u00e9rogatoire<\/span><\/a><\/li>\n<li data-leveltext=\"\uf0b7\" data-font=\"Symbol\" data-listid=\"7\" data-list-defn-props=\"{&quot;335552541&quot;:1,&quot;335559684&quot;:-2,&quot;335559685&quot;:1440,&quot;335559991&quot;:360,&quot;469769226&quot;:&quot;Symbol&quot;,&quot;469769242&quot;:[8226],&quot;469777803&quot;:&quot;left&quot;,&quot;469777804&quot;:&quot;\uf0b7&quot;,&quot;469777815&quot;:&quot;hybridMultilevel&quot;}\" aria-setsize=\"-1\" data-aria-posinset=\"3\" data-aria-level=\"2\"><a href=\"#plainte\"><span data-contrast=\"none\">Plainte<\/span><\/a><span data-ccp-props=\"{&quot;201341983&quot;:0,&quot;335559739&quot;:0,&quot;335559740&quot;:259}\">\u00a0<\/span><\/li>\n<\/ul>\n<hr \/>\n<h2 aria-level=\"2\"><span data-contrast=\"none\"><a id=\"service-clientele\"><\/a>Service \u00e0 la client\u00e8le<\/span><span data-ccp-props=\"{&quot;134245418&quot;:true,&quot;134245529&quot;:true,&quot;201341983&quot;:0,&quot;335559738&quot;:40,&quot;335559739&quot;:0,&quot;335559740&quot;:259}\">\u00a0<\/span><\/h2>\n<p><span class=\"TextRun SCXW112421877 BCX8\" lang=\"FR-FR\" xml:lang=\"FR-FR\" data-contrast=\"auto\"><span class=\"NormalTextRun SCXW112421877 BCX8\" data-ccp-parastyle=\"paragraph\" data-ccp-parastyle-defn=\"{&quot;ObjectId&quot;:&quot;ab36a7d0-4bf6-43de-82dd-ec190a0d6aae|132&quot;,&quot;ClassId&quot;:1073872969,&quot;Properties&quot;:[469775450,&quot;paragraph&quot;,201340122,&quot;2&quot;,134233614,&quot;true&quot;,469778129,&quot;paragraph&quot;,335572020,&quot;1&quot;,469777841,&quot;Times New Roman&quot;,469777842,&quot;Times New Roman&quot;,469777843,&quot;Times New Roman&quot;,469777844,&quot;Times New Roman&quot;,469769226,&quot;Times New Roman&quot;,268442635,&quot;24&quot;,335559705,&quot;3084&quot;,335551547,&quot;3084&quot;,335559740,&quot;240&quot;,201341983,&quot;0&quot;,134233118,&quot;true&quot;,134233117,&quot;true&quot;,469778324,&quot;Normal&quot;]}\">Nous offrons un service d\u2019accompagnement personnalis\u00e9 et confidentiel pour les \u00e9tudiantes et \u00e9tudiants dans leurs recherches de financement ou encore, dans la pr\u00e9sentation de leur demande d\u2019aide financi\u00e8re aux \u00e9tudes et le suivi de leur dossier.\u00a0\u00a0<\/span><\/span><span class=\"EOP SCXW112421877 BCX8\" data-ccp-props=\"{&quot;134233117&quot;:false,&quot;134233118&quot;:false,&quot;201341983&quot;:0,&quot;335559738&quot;:0,&quot;335559739&quot;:0,&quot;335559740&quot;:240}\">\u00a0<\/span><\/p>\n<p><span data-ccp-props=\"{&quot;201341983&quot;:0,&quot;335559739&quot;:160,&quot;335559740&quot;:259}\">\u00a0<\/span><\/p>\n<span class=\"bouton_form\"><a href=\"https:\/\/www.bbaf.ulaval.ca\/en\/contact-us\/\" target=\"_blank\" rel=\"noopener\">Communiquer avec nous<\/a><\/span>\n<p>&nbsp;<\/p>\n<hr \/>\n<div class=\"row\">\n<div class=\"col-md-12\">\n<h2><a id=\"demande-revision\"><\/a>Demande de r\u00e9vision<\/h2>\n<\/div>\n<\/div>\n<p>Si vous croyez qu\u2019une d\u00e9cision rendue par l\u2019Aide financi\u00e8re aux \u00e9tudes ne respecte pas la <a href=\"https:\/\/www.legisquebec.gouv.qc.ca\/fr\/document\/lc\/A-13.3\" target=\"_blank\" rel=\"noopener\">Loi sur l\u2019aide financi\u00e8re aux \u00e9tudes<\/a> et son r\u00e8glement, vous pouvez en <a href=\"https:\/\/www.quebec.ca\/gouvernement\/ministere\/enseignement-superieur\/coordonnees\/droits-recours\/demande-revision\" target=\"_blank\" rel=\"noopener\">demander la r\u00e9vision<\/a>, <strong>dans les 3 ann\u00e9es qui suivent la d\u00e9cision<\/strong>.<\/p>\n<p>&nbsp;<\/p>\n<p>Avant de faire une demande de r\u00e9vision,<strong> lisez attentivement l\u2019avis de d\u00e9cision <\/strong>qui vous a \u00e9t\u00e9 transmis par l\u2019Aide financi\u00e8re aux \u00e9tudes et <a href=\"https:\/\/www.bbaf.ulaval.ca\/en\/contact-us\/\" target=\"_blank\" rel=\"noopener\">communiquez avec nous<\/a>.<\/p>\n<p>&nbsp;<\/p>\n<hr \/>\n<h2><a id=\"demande-derogation\"><\/a>Demande d\u00e9rogatoire<\/h2>\n<p>Si vous vous trouvez dans l\u2019une des situations suivantes <strong>et que celle-ci compromet la poursuite de vos \u00e9tudes<\/strong>, adressez-vous au Comit\u00e9 d\u2019examen des demandes d\u00e9rogatoires:<\/p>\n<ul style=\"list-style-type: disc;\">\n<li>Vous n\u2019\u00eates plus admissible au Programme d\u2019aide financi\u00e8re aux \u00e9tudes parce que <strong>vous avez atteint le nombre maximal de mois d\u2019admissibilit\u00e9<\/strong> ou <strong>votre limite d\u2019endettement<\/strong>.<\/li>\n<li>Vous jugez insuffisante l\u2019aide financi\u00e8re qui vous a \u00e9t\u00e9 allou\u00e9e pour la poursuite de vos \u00e9tudes.<\/li>\n<\/ul>\n<p><strong>\u00c9tapes<\/strong><\/p>\n<ol>\n<li>Consultez le <a href=\"https:\/\/cdn-contenu.quebec.ca\/cdn-contenu\/enseignement-superieur\/aide-financiere-etudes\/recours\/demande-derogatoire-guide.pdf\" target=\"_blank\" rel=\"noopener\">Guide de pr\u00e9sentation d\u2019une demande d\u00e9rogatoire<\/a>.<\/li>\n<li>\u00a0<a href=\"mailto:afe@bbaf.ulaval.ca?subject=Demande%20d\u00e9rogatoire\" target=\"_blank\" rel=\"noopener\">Communiquez avec nous<\/a> pour b\u00e9n\u00e9ficier d&#8217;un accompagnement dans votre d\u00e9marche.<\/li>\n<\/ol>\n<p>&nbsp;<\/p>\n<hr \/>\n<h2><a id=\"plainte\"><\/a>Plainte<\/h2>\n<p><strong>Voici quelques motifs pouvant justifier une plainte <\/strong><strong>aupr\u00e8s du Bureau des recours de l\u2019Aide financi\u00e8re aux \u00e9tudes (AFE)<\/strong><\/p>\n<ul style=\"list-style-type: disc;\">\n<li>La fiabilit\u00e9 des renseignements<\/li>\n<li>La courtoisie du personnel ou le respect de la confidentialit\u00e9<\/li>\n<li>La qualit\u00e9 du service ou le d\u00e9lai de traitement de votre dossier lorsque celui-ci d\u00e9passe le d\u00e9lai pr\u00e9vu<\/li>\n<li>L\u2019accessibilit\u00e9 des services t\u00e9l\u00e9phoniques<\/li>\n<li>L\u2019accessibilit\u00e9 des publications et des formulaires<\/li>\n<\/ul>\n<p>&nbsp;<\/p>\n<span class=\"bouton_form\"><a href=\"https:\/\/www.quebec.ca\/gouvernement\/ministere\/enseignement-superieur\/coordonnees\/droits-recours\/plainte\" target=\"_blank\" rel=\"noopener\">Faire une plainte<\/a><\/span>\n<div class=\"row mobileseparation\">\n<div class=\"col-md-12\">\n<p>&nbsp;<\/p>\n<\/div>\n<\/div>\n","protected":false},"excerpt":{"rendered":"<p>Service \u00e0 la client\u00e8le\u00a0 Demande de r\u00e9vision\u00a0 Demande d\u00e9rogatoire Plainte\u00a0 Service \u00e0 la client\u00e8le\u00a0 Nous offrons un service d\u2019accompagnement personnalis\u00e9 et confidentiel pour les \u00e9tudiantes et \u00e9tudiants dans leurs recherches de financement ou encore, dans la pr\u00e9sentation de leur demande d\u2019aide financi\u00e8re aux \u00e9tudes et le suivi de leur dossier.\u00a0\u00a0\u00a0 \u00a0 &nbsp; Demande de r\u00e9vision [&hellip;]<\/p>\n","protected":false},"author":18,"featured_media":0,"parent":103832,"menu_order":0,"comment_status":"closed","ping_status":"closed","template":"","meta":{"_acf_changed":false,"footnotes":""},"class_list":["post-121926","page","type-page","status-publish","hentry"],"acf":[],"yoast_head":"<!-- This site is optimized with the Yoast SEO plugin v27.0 - https:\/\/yoast.com\/product\/yoast-seo-wordpress\/ -->\n<title>Help and recourse (in French only) | Bureau des bourses et de l&#039;aide financi\u00e8re (BBAF)<\/title>\n<meta name=\"robots\" content=\"index, follow, max-snippet:-1, max-image-preview:large, max-video-preview:-1\" \/>\n<link rel=\"canonical\" href=\"https:\/\/www.bbaf.ulaval.ca\/en\/loans-and-bursaries\/quebec-loans-and-bursaries\/help-and-recourse\/\" \/>\n<meta property=\"og:locale\" content=\"en_US\" \/>\n<meta property=\"og:type\" content=\"article\" \/>\n<meta property=\"og:title\" content=\"Help and recourse (in French only) | Bureau des bourses et de l&#039;aide financi\u00e8re (BBAF)\" \/>\n<meta property=\"og:description\" content=\"Service \u00e0 la client\u00e8le\u00a0 Demande de r\u00e9vision\u00a0 Demande d\u00e9rogatoire Plainte\u00a0 Service \u00e0 la client\u00e8le\u00a0 Nous offrons un service d\u2019accompagnement personnalis\u00e9 et confidentiel pour les \u00e9tudiantes et \u00e9tudiants dans leurs recherches de financement ou encore, dans la pr\u00e9sentation de leur demande d\u2019aide financi\u00e8re aux \u00e9tudes et le suivi de leur dossier.\u00a0\u00a0\u00a0 \u00a0 &nbsp; Demande de r\u00e9vision [&hellip;]\" \/>\n<meta property=\"og:url\" content=\"https:\/\/www.bbaf.ulaval.ca\/en\/loans-and-bursaries\/quebec-loans-and-bursaries\/help-and-recourse\/\" \/>\n<meta property=\"og:site_name\" content=\"Bureau des bourses et de l&#039;aide financi\u00e8re (BBAF)\" \/>\n<meta property=\"article:publisher\" content=\"https:\/\/www.facebook.com\/bourses\" \/>\n<meta property=\"article:modified_time\" content=\"2023-12-14T16:00:33+00:00\" \/>\n<meta property=\"og:image\" content=\"https:\/\/www.bbaf.ulaval.ca\/wp-content\/uploads\/2023\/08\/bbaf-1000x1000-1.png\" \/>\n\t<meta property=\"og:image:width\" content=\"1000\" \/>\n\t<meta property=\"og:image:height\" content=\"1000\" \/>\n\t<meta property=\"og:image:type\" content=\"image\/png\" \/>\n<meta name=\"twitter:label1\" content=\"Est. reading time\" \/>\n\t<meta name=\"twitter:data1\" content=\"2 minutes\" \/>\n<script type=\"application\/ld+json\" class=\"yoast-schema-graph\">{\"@context\":\"https:\/\/schema.org\",\"@graph\":[{\"@type\":\"WebPage\",\"@id\":\"https:\/\/www.bbaf.ulaval.ca\/en\/loans-and-bursaries\/quebec-loans-and-bursaries\/help-and-recourse\/\",\"url\":\"https:\/\/www.bbaf.ulaval.ca\/en\/loans-and-bursaries\/quebec-loans-and-bursaries\/help-and-recourse\/\",\"name\":\"Help and recourse (in French only) | Bureau des bourses et de l&#039;aide financi\u00e8re (BBAF)\",\"isPartOf\":{\"@id\":\"https:\/\/www.bbaf.ulaval.ca\/en\/#website\"},\"datePublished\":\"2016-05-17T14:06:29+00:00\",\"dateModified\":\"2023-12-14T16:00:33+00:00\",\"breadcrumb\":{\"@id\":\"https:\/\/www.bbaf.ulaval.ca\/en\/loans-and-bursaries\/quebec-loans-and-bursaries\/help-and-recourse\/#breadcrumb\"},\"inLanguage\":\"en\",\"potentialAction\":[{\"@type\":\"ReadAction\",\"target\":[\"https:\/\/www.bbaf.ulaval.ca\/en\/loans-and-bursaries\/quebec-loans-and-bursaries\/help-and-recourse\/\"]}]},{\"@type\":\"BreadcrumbList\",\"@id\":\"https:\/\/www.bbaf.ulaval.ca\/en\/loans-and-bursaries\/quebec-loans-and-bursaries\/help-and-recourse\/#breadcrumb\",\"itemListElement\":[{\"@type\":\"ListItem\",\"position\":1,\"name\":\"Accueil\",\"item\":\"https:\/\/www.bbaf.ulaval.ca\/en\/\"},{\"@type\":\"ListItem\",\"position\":2,\"name\":\"Loans and Bursaries\",\"item\":\"https:\/\/www.bbaf.ulaval.ca\/en\/loans-and-bursaries\/\"},{\"@type\":\"ListItem\",\"position\":3,\"name\":\"Qu\u00e9bec Loans and Bursaries\",\"item\":\"https:\/\/www.bbaf.ulaval.ca\/en\/loans-and-bursaries\/quebec-loans-and-bursaries\/\"},{\"@type\":\"ListItem\",\"position\":4,\"name\":\"Help and recourse (in French only)\"}]},{\"@type\":\"WebSite\",\"@id\":\"https:\/\/www.bbaf.ulaval.ca\/en\/#website\",\"url\":\"https:\/\/www.bbaf.ulaval.ca\/en\/\",\"name\":\"Bureau des bourses et de l&#039;aide financi\u00e8re (BBAF)\",\"description\":\"Universit\u00e9 Laval\",\"potentialAction\":[{\"@type\":\"SearchAction\",\"target\":{\"@type\":\"EntryPoint\",\"urlTemplate\":\"https:\/\/www.bbaf.ulaval.ca\/en\/?s={search_term_string}\"},\"query-input\":{\"@type\":\"PropertyValueSpecification\",\"valueRequired\":true,\"valueName\":\"search_term_string\"}}],\"inLanguage\":\"en\"}]}<\/script>\n<!-- \/ Yoast SEO plugin. -->","yoast_head_json":{"title":"Help and recourse (in French only) | Bureau des bourses et de l&#039;aide financi\u00e8re (BBAF)","robots":{"index":"index","follow":"follow","max-snippet":"max-snippet:-1","max-image-preview":"max-image-preview:large","max-video-preview":"max-video-preview:-1"},"canonical":"https:\/\/www.bbaf.ulaval.ca\/en\/loans-and-bursaries\/quebec-loans-and-bursaries\/help-and-recourse\/","og_locale":"en_US","og_type":"article","og_title":"Help and recourse (in French only) | Bureau des bourses et de l&#039;aide financi\u00e8re (BBAF)","og_description":"Service \u00e0 la client\u00e8le\u00a0 Demande de r\u00e9vision\u00a0 Demande d\u00e9rogatoire Plainte\u00a0 Service \u00e0 la client\u00e8le\u00a0 Nous offrons un service d\u2019accompagnement personnalis\u00e9 et confidentiel pour les \u00e9tudiantes et \u00e9tudiants dans leurs recherches de financement ou encore, dans la pr\u00e9sentation de leur demande d\u2019aide financi\u00e8re aux \u00e9tudes et le suivi de leur dossier.\u00a0\u00a0\u00a0 \u00a0 &nbsp; Demande de r\u00e9vision [&hellip;]","og_url":"https:\/\/www.bbaf.ulaval.ca\/en\/loans-and-bursaries\/quebec-loans-and-bursaries\/help-and-recourse\/","og_site_name":"Bureau des bourses et de l&#039;aide financi\u00e8re (BBAF)","article_publisher":"https:\/\/www.facebook.com\/bourses","article_modified_time":"2023-12-14T16:00:33+00:00","og_image":[{"width":1000,"height":1000,"url":"https:\/\/www.bbaf.ulaval.ca\/wp-content\/uploads\/2023\/08\/bbaf-1000x1000-1.png","type":"image\/png"}],"twitter_misc":{"Est. reading time":"2 minutes"},"schema":{"@context":"https:\/\/schema.org","@graph":[{"@type":"WebPage","@id":"https:\/\/www.bbaf.ulaval.ca\/en\/loans-and-bursaries\/quebec-loans-and-bursaries\/help-and-recourse\/","url":"https:\/\/www.bbaf.ulaval.ca\/en\/loans-and-bursaries\/quebec-loans-and-bursaries\/help-and-recourse\/","name":"Help and recourse (in French only) | Bureau des bourses et de l&#039;aide financi\u00e8re (BBAF)","isPartOf":{"@id":"https:\/\/www.bbaf.ulaval.ca\/en\/#website"},"datePublished":"2016-05-17T14:06:29+00:00","dateModified":"2023-12-14T16:00:33+00:00","breadcrumb":{"@id":"https:\/\/www.bbaf.ulaval.ca\/en\/loans-and-bursaries\/quebec-loans-and-bursaries\/help-and-recourse\/#breadcrumb"},"inLanguage":"en","potentialAction":[{"@type":"ReadAction","target":["https:\/\/www.bbaf.ulaval.ca\/en\/loans-and-bursaries\/quebec-loans-and-bursaries\/help-and-recourse\/"]}]},{"@type":"BreadcrumbList","@id":"https:\/\/www.bbaf.ulaval.ca\/en\/loans-and-bursaries\/quebec-loans-and-bursaries\/help-and-recourse\/#breadcrumb","itemListElement":[{"@type":"ListItem","position":1,"name":"Accueil","item":"https:\/\/www.bbaf.ulaval.ca\/en\/"},{"@type":"ListItem","position":2,"name":"Loans and Bursaries","item":"https:\/\/www.bbaf.ulaval.ca\/en\/loans-and-bursaries\/"},{"@type":"ListItem","position":3,"name":"Qu\u00e9bec Loans and Bursaries","item":"https:\/\/www.bbaf.ulaval.ca\/en\/loans-and-bursaries\/quebec-loans-and-bursaries\/"},{"@type":"ListItem","position":4,"name":"Help and recourse (in French only)"}]},{"@type":"WebSite","@id":"https:\/\/www.bbaf.ulaval.ca\/en\/#website","url":"https:\/\/www.bbaf.ulaval.ca\/en\/","name":"Bureau des bourses et de l&#039;aide financi\u00e8re (BBAF)","description":"Universit\u00e9 Laval","potentialAction":[{"@type":"SearchAction","target":{"@type":"EntryPoint","urlTemplate":"https:\/\/www.bbaf.ulaval.ca\/en\/?s={search_term_string}"},"query-input":{"@type":"PropertyValueSpecification","valueRequired":true,"valueName":"search_term_string"}}],"inLanguage":"en"}]}},"_links":{"self":[{"href":"https:\/\/www.bbaf.ulaval.ca\/en\/wp-json\/wp\/v2\/pages\/121926","targetHints":{"allow":["GET"]}}],"collection":[{"href":"https:\/\/www.bbaf.ulaval.ca\/en\/wp-json\/wp\/v2\/pages"}],"about":[{"href":"https:\/\/www.bbaf.ulaval.ca\/en\/wp-json\/wp\/v2\/types\/page"}],"author":[{"embeddable":true,"href":"https:\/\/www.bbaf.ulaval.ca\/en\/wp-json\/wp\/v2\/users\/18"}],"replies":[{"embeddable":true,"href":"https:\/\/www.bbaf.ulaval.ca\/en\/wp-json\/wp\/v2\/comments?post=121926"}],"version-history":[{"count":5,"href":"https:\/\/www.bbaf.ulaval.ca\/en\/wp-json\/wp\/v2\/pages\/121926\/revisions"}],"predecessor-version":[{"id":122633,"href":"https:\/\/www.bbaf.ulaval.ca\/en\/wp-json\/wp\/v2\/pages\/121926\/revisions\/122633"}],"up":[{"embeddable":true,"href":"https:\/\/www.bbaf.ulaval.ca\/en\/wp-json\/wp\/v2\/pages\/103832"}],"wp:attachment":[{"href":"https:\/\/www.bbaf.ulaval.ca\/en\/wp-json\/wp\/v2\/media?parent=121926"}],"curies":[{"name":"wp","href":"https:\/\/api.w.org\/{rel}","templated":true}]}}